{"id":123,"date":"2020-12-18T21:51:05","date_gmt":"2020-12-18T21:51:05","guid":{"rendered":"http:\/\/obwodnicalegnicydk94.pl\/?page_id=123"},"modified":"2021-08-24T21:08:50","modified_gmt":"2021-08-24T19:08:50","slug":"parametry-techniczne","status":"publish","type":"page","link":"http:\/\/obwodnicamilicza.pl\/index.php\/parametry-techniczne\/","title":{"rendered":"Parametry Techniczne"},"content":{"rendered":"<p>Parametry techniczne projektowanej obwodnicy Milicza:<\/p>\n\n<table id=\"tablepress-1\" class=\"tablepress tablepress-id-1 tablepress-responsive\">\n<tbody class=\"row-striping row-hover\">\n<tr class=\"row-1\">\n\t<td class=\"column-1\">klasa techniczna:<\/td><td class=\"column-2\">GP <\/td>\n<\/tr>\n<tr class=\"row-2\">\n\t<td class=\"column-1\">szeroko\u015b\u0107 pasa ruchu:<\/td><td class=\"column-2\">3,5m<\/td>\n<\/tr>\n<tr class=\"row-3\">\n\t<td class=\"column-1\">szeroko\u015b\u0107 poboczy gruntowych:<\/td><td class=\"column-2\">1,5 m (w tym 0,5 m utwardzone)<\/td>\n<\/tr>\n<tr class=\"row-4\">\n\t<td class=\"column-1\">nawierzchnia:<\/td><td class=\"column-2\">bitumiczna<\/td>\n<\/tr>\n<tr class=\"row-5\">\n\t<td class=\"column-1\">kategoria ruchu:<\/td><td class=\"column-2\">Zostanie ustalona na podstawie prognozy ruchu<\/td>\n<\/tr>\n<tr class=\"row-6\">\n\t<td class=\"column-1\">dopuszczalne obci\u0105\u017cenie nawierzchni: <\/td><td class=\"column-2\">115 kN\/o\u015b<\/td>\n<\/tr>\n<\/tbody>\n<\/table>\n<!-- #tablepress-1 from cache -->\n<p><\/p>\n\n\n<p><\/p>\n","protected":false},"excerpt":{"rendered":"<p>Parametry techniczne projektowanej obwodnicy Milicza:<\/p>\n","protected":false},"author":1,"featured_media":0,"parent":0,"menu_order":0,"comment_status":"closed","ping_status":"closed","template":"","meta":{"footnotes":""},"class_list":["post-123","page","type-page","status-publish","hentry"],"yoast_head":"<!-- This site is optimized with the Yoast SEO plugin v27.4 - https:\/\/yoast.com\/product\/yoast-seo-wordpress\/ -->\n<title>Parametry Techniczne - Budowa obwodnicy Milicza DK15<\/title>\n<meta name=\"description\" content=\"Milicz, obwodnica Milicza, obwodnicamilicza, 100obwodnic, DK 15, DW 439, DW 448, spotkanie informacyjne, konsultacje spo\u0142eczne, warianty, przebieg trasy, IVIA, Dolina Baryczy, Kaszowo, Stawiec, K\u0105ty, \u015awi\u0119toszyn, Tomaszk\u00f3w, Mi\u0142ochowice, Koruszka, Wszewilki\" \/>\n<meta name=\"robots\" content=\"index, follow, max-snippet:-1, max-image-preview:large, max-video-preview:-1\" \/>\n<link rel=\"canonical\" href=\"http:\/\/obwodnicamilicza.pl\/index.php\/parametry-techniczne\/\" \/>\n<meta property=\"og:locale\" content=\"pl_PL\" \/>\n<meta property=\"og:type\" content=\"article\" \/>\n<meta property=\"og:title\" content=\"Parametry Techniczne - Budowa obwodnicy Milicza DK15\" \/>\n<meta property=\"og:description\" content=\"Milicz, obwodnica Milicza, obwodnicamilicza, 100obwodnic, DK 15, DW 439, DW 448, spotkanie informacyjne, konsultacje spo\u0142eczne, warianty, przebieg trasy, IVIA, Dolina Baryczy, Kaszowo, Stawiec, K\u0105ty, \u015awi\u0119toszyn, Tomaszk\u00f3w, Mi\u0142ochowice, Koruszka, Wszewilki\" \/>\n<meta property=\"og:url\" content=\"http:\/\/obwodnicamilicza.pl\/index.php\/parametry-techniczne\/\" \/>\n<meta property=\"og:site_name\" content=\"Budowa obwodnicy Milicza DK15\" \/>\n<meta property=\"article:modified_time\" content=\"2021-08-24T19:08:50+00:00\" \/>\n<meta name=\"twitter:card\" content=\"summary_large_image\" \/>\n<meta name=\"twitter:label1\" content=\"Szacowany czas czytania\" \/>\n\t<meta name=\"twitter:data1\" content=\"1 minuta\" \/>\n<script type=\"application\/ld+json\" class=\"yoast-schema-graph\">{\"@context\":\"https:\\\/\\\/schema.org\",\"@graph\":[{\"@type\":\"WebPage\",\"@id\":\"http:\\\/\\\/obwodnicamilicza.pl\\\/index.php\\\/parametry-techniczne\\\/\",\"url\":\"http:\\\/\\\/obwodnicamilicza.pl\\\/index.php\\\/parametry-techniczne\\\/\",\"name\":\"Parametry Techniczne - Budowa obwodnicy Milicza DK15\",\"isPartOf\":{\"@id\":\"http:\\\/\\\/obwodnicamilicza.pl\\\/#website\"},\"datePublished\":\"2020-12-18T21:51:05+00:00\",\"dateModified\":\"2021-08-24T19:08:50+00:00\",\"description\":\"Milicz, obwodnica Milicza, obwodnicamilicza, 100obwodnic, DK 15, DW 439, DW 448, spotkanie informacyjne, konsultacje spo\u0142eczne, warianty, przebieg trasy, IVIA, Dolina Baryczy, Kaszowo, Stawiec, K\u0105ty, \u015awi\u0119toszyn, Tomaszk\u00f3w, Mi\u0142ochowice, Koruszka, Wszewilki\",\"breadcrumb\":{\"@id\":\"http:\\\/\\\/obwodnicamilicza.pl\\\/index.php\\\/parametry-techniczne\\\/#breadcrumb\"},\"inLanguage\":\"pl-PL\",\"potentialAction\":[{\"@type\":\"ReadAction\",\"target\":[\"http:\\\/\\\/obwodnicamilicza.pl\\\/index.php\\\/parametry-techniczne\\\/\"]}]},{\"@type\":\"BreadcrumbList\",\"@id\":\"http:\\\/\\\/obwodnicamilicza.pl\\\/index.php\\\/parametry-techniczne\\\/#breadcrumb\",\"itemListElement\":[{\"@type\":\"ListItem\",\"position\":1,\"name\":\"Strona g\u0142\u00f3wna\",\"item\":\"http:\\\/\\\/obwodnicamilicza.pl\\\/\"},{\"@type\":\"ListItem\",\"position\":2,\"name\":\"Parametry Techniczne\"}]},{\"@type\":\"WebSite\",\"@id\":\"http:\\\/\\\/obwodnicamilicza.pl\\\/#website\",\"url\":\"http:\\\/\\\/obwodnicamilicza.pl\\\/\",\"name\":\"Budowa obwodnicy Milicza DK15\",\"description\":\"Budowa obwodnicy Milicza w ci\u0105gu drogi krajowej nr 15\",\"publisher\":{\"@id\":\"http:\\\/\\\/obwodnicamilicza.pl\\\/#organization\"},\"potentialAction\":[{\"@type\":\"SearchAction\",\"target\":{\"@type\":\"EntryPoint\",\"urlTemplate\":\"http:\\\/\\\/obwodnicamilicza.pl\\\/?s={search_term_string}\"},\"query-input\":{\"@type\":\"PropertyValueSpecification\",\"valueRequired\":true,\"valueName\":\"search_term_string\"}}],\"inLanguage\":\"pl-PL\"},{\"@type\":\"Organization\",\"@id\":\"http:\\\/\\\/obwodnicamilicza.pl\\\/#organization\",\"name\":\"Budowa obwodnicy Milicza DK15\",\"url\":\"http:\\\/\\\/obwodnicamilicza.pl\\\/\",\"logo\":{\"@type\":\"ImageObject\",\"inLanguage\":\"pl-PL\",\"@id\":\"http:\\\/\\\/obwodnicamilicza.pl\\\/#\\\/schema\\\/logo\\\/image\\\/\",\"url\":\"http:\\\/\\\/obwodnicamilicza.pl\\\/wp-content\\\/uploads\\\/2021\\\/06\\\/cropped-100_obwodnic_kolor.png\",\"contentUrl\":\"http:\\\/\\\/obwodnicamilicza.pl\\\/wp-content\\\/uploads\\\/2021\\\/06\\\/cropped-100_obwodnic_kolor.png\",\"width\":290,\"height\":38,\"caption\":\"Budowa obwodnicy Milicza DK15\"},\"image\":{\"@id\":\"http:\\\/\\\/obwodnicamilicza.pl\\\/#\\\/schema\\\/logo\\\/image\\\/\"}}]}<\/script>\n<!-- \/ Yoast SEO plugin. -->","yoast_head_json":{"title":"Parametry Techniczne - Budowa obwodnicy Milicza DK15","description":"Milicz, obwodnica Milicza, obwodnicamilicza, 100obwodnic, DK 15, DW 439, DW 448, spotkanie informacyjne, konsultacje spo\u0142eczne, warianty, przebieg trasy, IVIA, Dolina Baryczy, Kaszowo, Stawiec, K\u0105ty, \u015awi\u0119toszyn, Tomaszk\u00f3w, Mi\u0142ochowice, Koruszka, Wszewilki","robots":{"index":"index","follow":"follow","max-snippet":"max-snippet:-1","max-image-preview":"max-image-preview:large","max-video-preview":"max-video-preview:-1"},"canonical":"http:\/\/obwodnicamilicza.pl\/index.php\/parametry-techniczne\/","og_locale":"pl_PL","og_type":"article","og_title":"Parametry Techniczne - Budowa obwodnicy Milicza DK15","og_description":"Milicz, obwodnica Milicza, obwodnicamilicza, 100obwodnic, DK 15, DW 439, DW 448, spotkanie informacyjne, konsultacje spo\u0142eczne, warianty, przebieg trasy, IVIA, Dolina Baryczy, Kaszowo, Stawiec, K\u0105ty, \u015awi\u0119toszyn, Tomaszk\u00f3w, Mi\u0142ochowice, Koruszka, Wszewilki","og_url":"http:\/\/obwodnicamilicza.pl\/index.php\/parametry-techniczne\/","og_site_name":"Budowa obwodnicy Milicza DK15","article_modified_time":"2021-08-24T19:08:50+00:00","twitter_card":"summary_large_image","twitter_misc":{"Szacowany czas czytania":"1 minuta"},"schema":{"@context":"https:\/\/schema.org","@graph":[{"@type":"WebPage","@id":"http:\/\/obwodnicamilicza.pl\/index.php\/parametry-techniczne\/","url":"http:\/\/obwodnicamilicza.pl\/index.php\/parametry-techniczne\/","name":"Parametry Techniczne - Budowa obwodnicy Milicza DK15","isPartOf":{"@id":"http:\/\/obwodnicamilicza.pl\/#website"},"datePublished":"2020-12-18T21:51:05+00:00","dateModified":"2021-08-24T19:08:50+00:00","description":"Milicz, obwodnica Milicza, obwodnicamilicza, 100obwodnic, DK 15, DW 439, DW 448, spotkanie informacyjne, konsultacje spo\u0142eczne, warianty, przebieg trasy, IVIA, Dolina Baryczy, Kaszowo, Stawiec, K\u0105ty, \u015awi\u0119toszyn, Tomaszk\u00f3w, Mi\u0142ochowice, Koruszka, Wszewilki","breadcrumb":{"@id":"http:\/\/obwodnicamilicza.pl\/index.php\/parametry-techniczne\/#breadcrumb"},"inLanguage":"pl-PL","potentialAction":[{"@type":"ReadAction","target":["http:\/\/obwodnicamilicza.pl\/index.php\/parametry-techniczne\/"]}]},{"@type":"BreadcrumbList","@id":"http:\/\/obwodnicamilicza.pl\/index.php\/parametry-techniczne\/#breadcrumb","itemListElement":[{"@type":"ListItem","position":1,"name":"Strona g\u0142\u00f3wna","item":"http:\/\/obwodnicamilicza.pl\/"},{"@type":"ListItem","position":2,"name":"Parametry Techniczne"}]},{"@type":"WebSite","@id":"http:\/\/obwodnicamilicza.pl\/#website","url":"http:\/\/obwodnicamilicza.pl\/","name":"Budowa obwodnicy Milicza DK15","description":"Budowa obwodnicy Milicza w ci\u0105gu drogi krajowej nr 15","publisher":{"@id":"http:\/\/obwodnicamilicza.pl\/#organization"},"potentialAction":[{"@type":"SearchAction","target":{"@type":"EntryPoint","urlTemplate":"http:\/\/obwodnicamilicza.pl\/?s={search_term_string}"},"query-input":{"@type":"PropertyValueSpecification","valueRequired":true,"valueName":"search_term_string"}}],"inLanguage":"pl-PL"},{"@type":"Organization","@id":"http:\/\/obwodnicamilicza.pl\/#organization","name":"Budowa obwodnicy Milicza DK15","url":"http:\/\/obwodnicamilicza.pl\/","logo":{"@type":"ImageObject","inLanguage":"pl-PL","@id":"http:\/\/obwodnicamilicza.pl\/#\/schema\/logo\/image\/","url":"http:\/\/obwodnicamilicza.pl\/wp-content\/uploads\/2021\/06\/cropped-100_obwodnic_kolor.png","contentUrl":"http:\/\/obwodnicamilicza.pl\/wp-content\/uploads\/2021\/06\/cropped-100_obwodnic_kolor.png","width":290,"height":38,"caption":"Budowa obwodnicy Milicza DK15"},"image":{"@id":"http:\/\/obwodnicamilicza.pl\/#\/schema\/logo\/image\/"}}]}},"_links":{"self":[{"href":"http:\/\/obwodnicamilicza.pl\/index.php\/wp-json\/wp\/v2\/pages\/123","targetHints":{"allow":["GET"]}}],"collection":[{"href":"http:\/\/obwodnicamilicza.pl\/index.php\/wp-json\/wp\/v2\/pages"}],"about":[{"href":"http:\/\/obwodnicamilicza.pl\/index.php\/wp-json\/wp\/v2\/types\/page"}],"author":[{"embeddable":true,"href":"http:\/\/obwodnicamilicza.pl\/index.php\/wp-json\/wp\/v2\/users\/1"}],"replies":[{"embeddable":true,"href":"http:\/\/obwodnicamilicza.pl\/index.php\/wp-json\/wp\/v2\/comments?post=123"}],"version-history":[{"count":2,"href":"http:\/\/obwodnicamilicza.pl\/index.php\/wp-json\/wp\/v2\/pages\/123\/revisions"}],"predecessor-version":[{"id":744,"href":"http:\/\/obwodnicamilicza.pl\/index.php\/wp-json\/wp\/v2\/pages\/123\/revisions\/744"}],"wp:attachment":[{"href":"http:\/\/obwodnicamilicza.pl\/index.php\/wp-json\/wp\/v2\/media?parent=123"}],"curies":[{"name":"wp","href":"https:\/\/api.w.org\/{rel}","templated":true}]}}