{"id":1247,"date":"2022-04-01T09:34:27","date_gmt":"2022-04-01T07:34:27","guid":{"rendered":"http:\/\/obwodnicamilicza.pl\/?page_id=1247"},"modified":"2022-04-15T11:49:44","modified_gmt":"2022-04-15T09:49:44","slug":"spotkanie-informacyjne-12-04-2022","status":"publish","type":"page","link":"http:\/\/obwodnicamilicza.pl\/index.php\/spotkanie-informacyjne-12-04-2022\/","title":{"rendered":"Spotkanie informacyjne 12-04-2022"},"content":{"rendered":"\n<p class=\"has-text-align-center\"><strong>ZAPRASZAMY<\/strong><\/p>\n\n\n\n<p class=\"has-text-align-center\"><strong>Burmistrz Gminy Milicz,<br>Generalna Dyrekcja Dr\u00f3g Krajowych i Autostrad Oddzia\u0142 we Wroc\u0142awiu<br>oraz Biuro Projekt\u00f3w \u201eIVIA\u201d<\/strong><\/p>\n\n\n\n<p class=\"has-text-align-center has-medium-font-size\">zapraszaj\u0105 na spotkanie informacyjne z mieszka\u0144cami<br><\/p>\n\n\n\n<p class=\"has-text-align-center\">w zwi\u0105zku z opracowaniem<\/p>\n\n\n\n<p class=\"has-text-align-center\"><br><strong><span class=\"has-inline-color has-vivid-cyan-blue-color\">Studium Techniczno-Ekonomiczno-\u015arodowiskowego<br>dla przedsi\u0119wzi\u0119cia pod nazw\u0105:<br>\u201eBUDOWA OBWODNICY MILICZA<br>W CI\u0104GU DROGI KRAJOWEJ NR 15\u201d<\/span><\/strong><br><\/p>\n\n\n\n<p class=\"has-text-align-center\">Spotkanie* odb\u0119dzie si\u0119 w:<span style=\"text-decoration: underline;\"><br><\/span><strong>auli I Liceum Og\u00f3lnokszta\u0142c\u0105cego w Miliczu przy ulicy 11 listopada 5<br>12.04.2022 (wtorek) od godz. 16:00<\/strong><\/p>\n\n\n\n<p class=\"has-text-align-center\"><br>Materia\u0142y dotycz\u0105ce proponowanych wariant\u00f3w przebiegu trasy projektowanej obwodnicy Milicza<br>w wersji papierowej udost\u0119pnione b\u0119d\u0105 pod adresem:<br><strong>Urz\u0105d Miasta <\/strong>i <strong>Gminy Milicz<\/strong>, ul. Trzebnicka 2, 56-300 Milicz<br>a tak\u017ce w wersji elektronicznej na stronach internetowych:<mark style=\"background-color:rgba(0, 0, 0, 0)\" class=\"has-inline-color has-vivid-cyan-blue-color\"> <\/mark><a data-type=\"URL\" data-id=\"www.milicz.pl\" href=\"http:\/\/www.milicz.pl\"><strong><mark style=\"background-color:rgba(0, 0, 0, 0)\" class=\"has-inline-color has-vivid-cyan-blue-color\">milicz.pl<\/mark><\/strong><\/a> oraz <strong><mark style=\"background-color:rgba(0, 0, 0, 0)\" class=\"has-inline-color has-vivid-cyan-blue-color\"><a data-type=\"URL\" data-id=\"http:\/\/www.obwodnicamilicza.pl\/do-pobrania\" href=\"http:\/\/www.obwodnicamilicza.pl\/do-pobrania\">obwodnicamilicza.pl<\/a><\/mark><\/strong><br>Podczas spotka\u0144 b\u0119dzie mo\u017cliwo\u015b\u0107 zadawania pyta\u0144 na temat przebiegu wariant\u00f3w obwodnicy, a tak\u017ce zg\u0142aszania uwag mieszka\u0144c\u00f3w za<br>pomoc\u0105 <a href=\"http:\/\/obwodnicamilicza.pl\/wp-content\/uploads\/2022\/04\/Formularz-Milicz.pdf\">formularzy<\/a>, kt\u00f3re mo\u017cna pobra\u0107 na wy\u017cej ww. stronach. Podpisane formularze mo\u017cna z\u0142o\u017cy\u0107 podczas spotka\u0144 lub przes\u0142a\u0107<br>do dnia <mark style=\"background-color:rgba(0, 0, 0, 0)\" class=\"has-inline-color has-black-color\"><strong>30.04.2022 na adres: IVIA S.A. ul. Ro\u017adzie\u0144skiego 91, 40-203 Katowice lub adres email: <\/strong><\/mark><strong><span style=\"text-decoration: underline;\"><mark style=\"background-color:rgba(0, 0, 0, 0)\" class=\"has-inline-color has-vivid-cyan-blue-color\">wnioski_milicz@ivia.pl<\/mark><\/span><\/strong><\/p>\n\n\n\n<p class=\"has-text-align-center\"><br><strong><mark style=\"background-color:rgba(0, 0, 0, 0)\" class=\"has-inline-color has-vivid-cyan-blue-color\">ZAPRASZAMY<\/mark><\/strong><br><\/p>\n\n\n\n<p>Pliki do pobrania:<\/p>\n\n\n\n<div class=\"wp-block-file\"><a id=\"wp-block-file--media-98f5688e-1971-45fa-afb8-443dd62cdde7\" href=\"http:\/\/obwodnicamilicza.pl\/wp-content\/uploads\/2022\/04\/Formularz-Milicz.pdf\">Formularz &#8211; Milicz<\/a><a href=\"http:\/\/obwodnicamilicza.pl\/wp-content\/uploads\/2022\/04\/Formularz-Milicz.pdf\" class=\"wp-block-file__button\" download aria-describedby=\"wp-block-file--media-98f5688e-1971-45fa-afb8-443dd62cdde7\">Pobierz<\/a><\/div>\n\n\n\n<div class=\"wp-block-file\"><a id=\"wp-block-file--media-159eb47a-8166-4af4-abb7-2369016bf8ee\" href=\"http:\/\/obwodnicamilicza.pl\/wp-content\/uploads\/2022\/04\/ogloszenie_Milicz-A4.docx\">Og\u0142oszenie &#8211; Milicz &#8211; format A4<\/a><a href=\"http:\/\/obwodnicamilicza.pl\/wp-content\/uploads\/2022\/04\/ogloszenie_Milicz-A4.docx\" class=\"wp-block-file__button\" download aria-describedby=\"wp-block-file--media-159eb47a-8166-4af4-abb7-2369016bf8ee\">Pobierz<\/a><\/div>\n\n\n\n<div class=\"wp-block-file\"><a id=\"wp-block-file--media-451114f8-1965-4caa-9c87-b3ce2cb23157\" href=\"http:\/\/obwodnicamilicza.pl\/wp-content\/uploads\/2022\/04\/plakat_Milicz-A3.pdf\">Plakat &#8211; Milicz &#8211; format A3<\/a><a href=\"http:\/\/obwodnicamilicza.pl\/wp-content\/uploads\/2022\/04\/plakat_Milicz-A3.pdf\" class=\"wp-block-file__button\" download aria-describedby=\"wp-block-file--media-451114f8-1965-4caa-9c87-b3ce2cb23157\">Pobierz<\/a><\/div>\n\n\n\n<div class=\"wp-block-file\"><a id=\"wp-block-file--media-9843a094-2ef6-4af8-847e-17369160fb56\" href=\"http:\/\/obwodnicamilicza.pl\/wp-content\/uploads\/2022\/04\/00-sytuacja-Milicz-\u2014-zbiorczy-\u2014-A0.pdf\">Warianty &#8211; Milicz &#8211; Zbiorczy &#8211; format A0<\/a><a href=\"http:\/\/obwodnicamilicza.pl\/wp-content\/uploads\/2022\/04\/00-sytuacja-Milicz-\u2014-zbiorczy-\u2014-A0.pdf\" class=\"wp-block-file__button\" download aria-describedby=\"wp-block-file--media-9843a094-2ef6-4af8-847e-17369160fb56\">Pobierz<\/a><\/div>\n\n\n                <div id=\"eov69e7c56e6f231\" class=\"eov_doc\">\r\n                    <iframe loading=\"lazy\" src=\"https:\/\/view.officeapps.live.com\/op\/embed.aspx?src=http:\/\/obwodnicamilicza.pl\/wp-content\/uploads\/2021\/06\/2022.04.12-Obwodnica-Milicza-II-Spotkanie-informacyjne.pptx\" width=\"640px\" height=\"900px\" frameborder=\"0\"><\/iframe>\r\n                <\/div>\r\n    \n\n\n\n<section id=\"f4bc76\" class=\"section-f4bc76 gutentor-module gutentor-module-tabs gutentor-tabs-layout-vertical gutentor-tabs-left\"><div class=\"grid-container\"><div class=\"gutentor-module-tabs-wrap gutentor-tabs-style-fill\" data-id=\"f4bc76\"><div class=\"gutentor-module-tabs-nav\"><span class=\"gutentor-module-tabs-item gm-tt-f4bc76 gutentor-tabs-nav-active\"><span class=\"gutentor-module-tabs-title\">Wariant 1a<\/span><\/span><span class=\"gutentor-module-tabs-item gm-tt-f4bc76\"><span class=\"gutentor-module-tabs-title\">Wariant 2a<\/span><\/span><span class=\"gutentor-module-tabs-item gm-tt-f4bc76\"><span class=\"gutentor-module-tabs-title\">Wariant 3a<\/span><\/span><span class=\"gutentor-module-tabs-item gm-tt-f4bc76\"><span class=\"gutentor-module-tabs-title\">Wariant 4a<\/span><\/span><span class=\"gutentor-module-tabs-item gm-tt-f4bc76\"><span class=\"gutentor-module-tabs-title\">Wariant 5a<\/span><\/span><\/div><div class=\"gutentor-module-tabs-body\">\n<div class=\"wp-block-gutentor-m7-tab gutentor-module-tabs-content gm-tc-f4bc76 gutentor-tabs-content-active\">\n<div class=\"wp-block-file\"><a id=\"wp-block-file--media-bfa6260d-d80f-4460-bdac-d55613a4b716\" href=\"http:\/\/obwodnicamilicza.pl\/wp-content\/uploads\/2022\/04\/W1a-Milicz.mp4\" target=\"_blank\" rel=\"noreferrer noopener\">Wariant 1a<\/a><a href=\"http:\/\/obwodnicamilicza.pl\/wp-content\/uploads\/2022\/04\/W1a-Milicz.mp4\" class=\"wp-block-file__button\" download aria-describedby=\"wp-block-file--media-bfa6260d-d80f-4460-bdac-d55613a4b716\">Pobierz<\/a><\/div>\n<\/div>\n\n\n\n<div class=\"wp-block-gutentor-m7-tab gutentor-module-tabs-content gm-tc-f4bc76\">\n<div class=\"wp-block-file\"><a id=\"wp-block-file--media-45507eb8-bdb5-4119-b403-827ba966761c\" href=\"http:\/\/obwodnicamilicza.pl\/wp-content\/uploads\/2022\/04\/W2a-Milicz.mp4\" target=\"_blank\" rel=\"noreferrer noopener\">Wariant 2a<\/a><a href=\"http:\/\/obwodnicamilicza.pl\/wp-content\/uploads\/2022\/04\/W2a-Milicz.mp4\" class=\"wp-block-file__button\" download aria-describedby=\"wp-block-file--media-45507eb8-bdb5-4119-b403-827ba966761c\">Pobierz<\/a><\/div>\n<\/div>\n\n\n\n<div class=\"wp-block-gutentor-m7-tab gutentor-module-tabs-content gm-tc-f4bc76\">\n<div class=\"wp-block-file aligncenter\"><a id=\"wp-block-file--media-66642fee-4dee-4f58-92f9-f81cd03ef162\" href=\"http:\/\/obwodnicamilicza.pl\/wp-content\/uploads\/2022\/04\/W3a-Milicz.mp4\">Wariant 3a<\/a><a href=\"http:\/\/obwodnicamilicza.pl\/wp-content\/uploads\/2022\/04\/W3a-Milicz.mp4\" class=\"wp-block-file__button\" download aria-describedby=\"wp-block-file--media-66642fee-4dee-4f58-92f9-f81cd03ef162\">Pobierz<\/a><\/div>\n<\/div>\n\n\n\n<div class=\"wp-block-gutentor-m7-tab gutentor-module-tabs-content gm-tc-f4bc76\">\n<div class=\"wp-block-file aligncenter\"><a id=\"wp-block-file--media-43454e2a-50fb-4ccd-8999-70247761cfda\" href=\"http:\/\/obwodnicamilicza.pl\/wp-content\/uploads\/2022\/04\/W4a-Milicz.mp4\" target=\"_blank\" rel=\"noreferrer noopener\">Wariant 4a<\/a><a href=\"http:\/\/obwodnicamilicza.pl\/wp-content\/uploads\/2022\/04\/W4a-Milicz.mp4\" class=\"wp-block-file__button\" download aria-describedby=\"wp-block-file--media-43454e2a-50fb-4ccd-8999-70247761cfda\">Pobierz<\/a><\/div>\n<\/div>\n\n\n\n<div class=\"wp-block-gutentor-m7-tab gutentor-module-tabs-content gm-tc-f4bc76\">\n<div class=\"wp-block-file aligncenter\"><a id=\"wp-block-file--media-f92071d8-d6a5-42f8-bdba-c90f79a595e8\" href=\"http:\/\/obwodnicamilicza.pl\/wp-content\/uploads\/2022\/04\/W5a-Milicz.mp4\" target=\"_blank\" rel=\"noreferrer noopener\">Wariant 5a<\/a><a href=\"http:\/\/obwodnicamilicza.pl\/wp-content\/uploads\/2022\/04\/W5a-Milicz.mp4\" class=\"wp-block-file__button\" download aria-describedby=\"wp-block-file--media-f92071d8-d6a5-42f8-bdba-c90f79a595e8\">Pobierz<\/a><\/div>\n<\/div>\n<\/div><\/div><\/div><\/section>\n","protected":false},"excerpt":{"rendered":"<p>ZAPRASZAMY Burmistrz Gminy Milicz,Generalna Dyrekcja Dr\u00f3g Krajowych i Autostrad Oddzia\u0142 we Wroc\u0142awiuoraz Biuro Projekt\u00f3w \u201eIVIA\u201d zapraszaj\u0105 na spotkanie informacyjne z mieszka\u0144cami w zwi\u0105zku z opracowaniem Studium Techniczno-Ekonomiczno-\u015arodowiskowegodla przedsi\u0119wzi\u0119cia pod nazw\u0105:\u201eBUDOWA OBWODNICY MILICZAW CI\u0104GU DROGI KRAJOWEJ NR 15\u201d Spotkanie* odb\u0119dzie si\u0119 w:auli I Liceum Og\u00f3lnokszta\u0142c\u0105cego w Miliczu przy ulicy 11 listopada 512.04.2022 (wtorek) od godz. 16:00 Materia\u0142y dotycz\u0105ce proponowanych wariant\u00f3w przebiegu trasy projektowanej obwodnicy Miliczaw wersji papierowej udost\u0119pnione b\u0119d\u0105 pod adresem:Urz\u0105d&hellip;<\/p>\n","protected":false},"author":1,"featured_media":0,"parent":0,"menu_order":0,"comment_status":"closed","ping_status":"closed","template":"","meta":{"footnotes":""},"class_list":["post-1247","page","type-page","status-publish","hentry"],"yoast_head":"<!-- This site is optimized with the Yoast SEO plugin v27.4 - https:\/\/yoast.com\/product\/yoast-seo-wordpress\/ -->\n<title>Spotkanie informacyjne 12-04-2022 - Budowa obwodnicy Milicza DK15<\/title>\n<meta name=\"description\" content=\"Milicz, obwodnica Milicza, obwodnicamilicza, 100obwodnic, DK 15, DW 439, DW 448, spotkanie informacyjne, konsultacje spo\u0142eczne, warianty, przebieg trasy, IVIA, Dolina Baryczy, Kaszowo, Stawiec, K\u0105ty, \u015awi\u0119toszyn, Tomaszk\u00f3w, Mi\u0142ochowice, Koruszka, Wszewilki\" \/>\n<meta name=\"robots\" content=\"index, follow, max-snippet:-1, max-image-preview:large, max-video-preview:-1\" \/>\n<link rel=\"canonical\" href=\"http:\/\/obwodnicamilicza.pl\/index.php\/spotkanie-informacyjne-12-04-2022\/\" \/>\n<meta property=\"og:locale\" content=\"pl_PL\" \/>\n<meta property=\"og:type\" content=\"article\" \/>\n<meta property=\"og:title\" content=\"Spotkanie informacyjne 12-04-2022 - Budowa obwodnicy Milicza DK15\" \/>\n<meta property=\"og:description\" content=\"Milicz, obwodnica Milicza, obwodnicamilicza, 100obwodnic, DK 15, DW 439, DW 448, spotkanie informacyjne, konsultacje spo\u0142eczne, warianty, przebieg trasy, IVIA, Dolina Baryczy, Kaszowo, Stawiec, K\u0105ty, \u015awi\u0119toszyn, Tomaszk\u00f3w, Mi\u0142ochowice, Koruszka, Wszewilki\" \/>\n<meta property=\"og:url\" content=\"http:\/\/obwodnicamilicza.pl\/index.php\/spotkanie-informacyjne-12-04-2022\/\" \/>\n<meta property=\"og:site_name\" content=\"Budowa obwodnicy Milicza DK15\" \/>\n<meta property=\"article:modified_time\" content=\"2022-04-15T09:49:44+00:00\" \/>\n<meta name=\"twitter:card\" content=\"summary_large_image\" \/>\n<meta name=\"twitter:label1\" content=\"Szacowany czas czytania\" \/>\n\t<meta name=\"twitter:data1\" content=\"2 minuty\" \/>\n<script type=\"application\/ld+json\" class=\"yoast-schema-graph\">{\"@context\":\"https:\\\/\\\/schema.org\",\"@graph\":[{\"@type\":\"WebPage\",\"@id\":\"http:\\\/\\\/obwodnicamilicza.pl\\\/index.php\\\/spotkanie-informacyjne-12-04-2022\\\/\",\"url\":\"http:\\\/\\\/obwodnicamilicza.pl\\\/index.php\\\/spotkanie-informacyjne-12-04-2022\\\/\",\"name\":\"Spotkanie informacyjne 12-04-2022 - Budowa obwodnicy Milicza DK15\",\"isPartOf\":{\"@id\":\"http:\\\/\\\/obwodnicamilicza.pl\\\/#website\"},\"datePublished\":\"2022-04-01T07:34:27+00:00\",\"dateModified\":\"2022-04-15T09:49:44+00:00\",\"description\":\"Milicz, obwodnica Milicza, obwodnicamilicza, 100obwodnic, DK 15, DW 439, DW 448, spotkanie informacyjne, konsultacje spo\u0142eczne, warianty, przebieg trasy, IVIA, Dolina Baryczy, Kaszowo, Stawiec, K\u0105ty, \u015awi\u0119toszyn, Tomaszk\u00f3w, Mi\u0142ochowice, Koruszka, Wszewilki\",\"breadcrumb\":{\"@id\":\"http:\\\/\\\/obwodnicamilicza.pl\\\/index.php\\\/spotkanie-informacyjne-12-04-2022\\\/#breadcrumb\"},\"inLanguage\":\"pl-PL\",\"potentialAction\":[{\"@type\":\"ReadAction\",\"target\":[\"http:\\\/\\\/obwodnicamilicza.pl\\\/index.php\\\/spotkanie-informacyjne-12-04-2022\\\/\"]}]},{\"@type\":\"BreadcrumbList\",\"@id\":\"http:\\\/\\\/obwodnicamilicza.pl\\\/index.php\\\/spotkanie-informacyjne-12-04-2022\\\/#breadcrumb\",\"itemListElement\":[{\"@type\":\"ListItem\",\"position\":1,\"name\":\"Strona g\u0142\u00f3wna\",\"item\":\"http:\\\/\\\/obwodnicamilicza.pl\\\/\"},{\"@type\":\"ListItem\",\"position\":2,\"name\":\"Spotkanie informacyjne 12-04-2022\"}]},{\"@type\":\"WebSite\",\"@id\":\"http:\\\/\\\/obwodnicamilicza.pl\\\/#website\",\"url\":\"http:\\\/\\\/obwodnicamilicza.pl\\\/\",\"name\":\"Budowa obwodnicy Milicza DK15\",\"description\":\"Budowa obwodnicy Milicza w ci\u0105gu drogi krajowej nr 15\",\"publisher\":{\"@id\":\"http:\\\/\\\/obwodnicamilicza.pl\\\/#organization\"},\"potentialAction\":[{\"@type\":\"SearchAction\",\"target\":{\"@type\":\"EntryPoint\",\"urlTemplate\":\"http:\\\/\\\/obwodnicamilicza.pl\\\/?s={search_term_string}\"},\"query-input\":{\"@type\":\"PropertyValueSpecification\",\"valueRequired\":true,\"valueName\":\"search_term_string\"}}],\"inLanguage\":\"pl-PL\"},{\"@type\":\"Organization\",\"@id\":\"http:\\\/\\\/obwodnicamilicza.pl\\\/#organization\",\"name\":\"Budowa obwodnicy Milicza DK15\",\"url\":\"http:\\\/\\\/obwodnicamilicza.pl\\\/\",\"logo\":{\"@type\":\"ImageObject\",\"inLanguage\":\"pl-PL\",\"@id\":\"http:\\\/\\\/obwodnicamilicza.pl\\\/#\\\/schema\\\/logo\\\/image\\\/\",\"url\":\"http:\\\/\\\/obwodnicamilicza.pl\\\/wp-content\\\/uploads\\\/2021\\\/06\\\/cropped-100_obwodnic_kolor.png\",\"contentUrl\":\"http:\\\/\\\/obwodnicamilicza.pl\\\/wp-content\\\/uploads\\\/2021\\\/06\\\/cropped-100_obwodnic_kolor.png\",\"width\":290,\"height\":38,\"caption\":\"Budowa obwodnicy Milicza DK15\"},\"image\":{\"@id\":\"http:\\\/\\\/obwodnicamilicza.pl\\\/#\\\/schema\\\/logo\\\/image\\\/\"}}]}<\/script>\n<!-- \/ Yoast SEO plugin. -->","yoast_head_json":{"title":"Spotkanie informacyjne 12-04-2022 - Budowa obwodnicy Milicza DK15","description":"Milicz, obwodnica Milicza, obwodnicamilicza, 100obwodnic, DK 15, DW 439, DW 448, spotkanie informacyjne, konsultacje spo\u0142eczne, warianty, przebieg trasy, IVIA, Dolina Baryczy, Kaszowo, Stawiec, K\u0105ty, \u015awi\u0119toszyn, Tomaszk\u00f3w, Mi\u0142ochowice, Koruszka, Wszewilki","robots":{"index":"index","follow":"follow","max-snippet":"max-snippet:-1","max-image-preview":"max-image-preview:large","max-video-preview":"max-video-preview:-1"},"canonical":"http:\/\/obwodnicamilicza.pl\/index.php\/spotkanie-informacyjne-12-04-2022\/","og_locale":"pl_PL","og_type":"article","og_title":"Spotkanie informacyjne 12-04-2022 - Budowa obwodnicy Milicza DK15","og_description":"Milicz, obwodnica Milicza, obwodnicamilicza, 100obwodnic, DK 15, DW 439, DW 448, spotkanie informacyjne, konsultacje spo\u0142eczne, warianty, przebieg trasy, IVIA, Dolina Baryczy, Kaszowo, Stawiec, K\u0105ty, \u015awi\u0119toszyn, Tomaszk\u00f3w, Mi\u0142ochowice, Koruszka, Wszewilki","og_url":"http:\/\/obwodnicamilicza.pl\/index.php\/spotkanie-informacyjne-12-04-2022\/","og_site_name":"Budowa obwodnicy Milicza DK15","article_modified_time":"2022-04-15T09:49:44+00:00","twitter_card":"summary_large_image","twitter_misc":{"Szacowany czas czytania":"2 minuty"},"schema":{"@context":"https:\/\/schema.org","@graph":[{"@type":"WebPage","@id":"http:\/\/obwodnicamilicza.pl\/index.php\/spotkanie-informacyjne-12-04-2022\/","url":"http:\/\/obwodnicamilicza.pl\/index.php\/spotkanie-informacyjne-12-04-2022\/","name":"Spotkanie informacyjne 12-04-2022 - Budowa obwodnicy Milicza DK15","isPartOf":{"@id":"http:\/\/obwodnicamilicza.pl\/#website"},"datePublished":"2022-04-01T07:34:27+00:00","dateModified":"2022-04-15T09:49:44+00:00","description":"Milicz, obwodnica Milicza, obwodnicamilicza, 100obwodnic, DK 15, DW 439, DW 448, spotkanie informacyjne, konsultacje spo\u0142eczne, warianty, przebieg trasy, IVIA, Dolina Baryczy, Kaszowo, Stawiec, K\u0105ty, \u015awi\u0119toszyn, Tomaszk\u00f3w, Mi\u0142ochowice, Koruszka, Wszewilki","breadcrumb":{"@id":"http:\/\/obwodnicamilicza.pl\/index.php\/spotkanie-informacyjne-12-04-2022\/#breadcrumb"},"inLanguage":"pl-PL","potentialAction":[{"@type":"ReadAction","target":["http:\/\/obwodnicamilicza.pl\/index.php\/spotkanie-informacyjne-12-04-2022\/"]}]},{"@type":"BreadcrumbList","@id":"http:\/\/obwodnicamilicza.pl\/index.php\/spotkanie-informacyjne-12-04-2022\/#breadcrumb","itemListElement":[{"@type":"ListItem","position":1,"name":"Strona g\u0142\u00f3wna","item":"http:\/\/obwodnicamilicza.pl\/"},{"@type":"ListItem","position":2,"name":"Spotkanie informacyjne 12-04-2022"}]},{"@type":"WebSite","@id":"http:\/\/obwodnicamilicza.pl\/#website","url":"http:\/\/obwodnicamilicza.pl\/","name":"Budowa obwodnicy Milicza DK15","description":"Budowa obwodnicy Milicza w ci\u0105gu drogi krajowej nr 15","publisher":{"@id":"http:\/\/obwodnicamilicza.pl\/#organization"},"potentialAction":[{"@type":"SearchAction","target":{"@type":"EntryPoint","urlTemplate":"http:\/\/obwodnicamilicza.pl\/?s={search_term_string}"},"query-input":{"@type":"PropertyValueSpecification","valueRequired":true,"valueName":"search_term_string"}}],"inLanguage":"pl-PL"},{"@type":"Organization","@id":"http:\/\/obwodnicamilicza.pl\/#organization","name":"Budowa obwodnicy Milicza DK15","url":"http:\/\/obwodnicamilicza.pl\/","logo":{"@type":"ImageObject","inLanguage":"pl-PL","@id":"http:\/\/obwodnicamilicza.pl\/#\/schema\/logo\/image\/","url":"http:\/\/obwodnicamilicza.pl\/wp-content\/uploads\/2021\/06\/cropped-100_obwodnic_kolor.png","contentUrl":"http:\/\/obwodnicamilicza.pl\/wp-content\/uploads\/2021\/06\/cropped-100_obwodnic_kolor.png","width":290,"height":38,"caption":"Budowa obwodnicy Milicza DK15"},"image":{"@id":"http:\/\/obwodnicamilicza.pl\/#\/schema\/logo\/image\/"}}]}},"_links":{"self":[{"href":"http:\/\/obwodnicamilicza.pl\/index.php\/wp-json\/wp\/v2\/pages\/1247","targetHints":{"allow":["GET"]}}],"collection":[{"href":"http:\/\/obwodnicamilicza.pl\/index.php\/wp-json\/wp\/v2\/pages"}],"about":[{"href":"http:\/\/obwodnicamilicza.pl\/index.php\/wp-json\/wp\/v2\/types\/page"}],"author":[{"embeddable":true,"href":"http:\/\/obwodnicamilicza.pl\/index.php\/wp-json\/wp\/v2\/users\/1"}],"replies":[{"embeddable":true,"href":"http:\/\/obwodnicamilicza.pl\/index.php\/wp-json\/wp\/v2\/comments?post=1247"}],"version-history":[{"count":12,"href":"http:\/\/obwodnicamilicza.pl\/index.php\/wp-json\/wp\/v2\/pages\/1247\/revisions"}],"predecessor-version":[{"id":1282,"href":"http:\/\/obwodnicamilicza.pl\/index.php\/wp-json\/wp\/v2\/pages\/1247\/revisions\/1282"}],"wp:attachment":[{"href":"http:\/\/obwodnicamilicza.pl\/index.php\/wp-json\/wp\/v2\/media?parent=1247"}],"curies":[{"name":"wp","href":"https:\/\/api.w.org\/{rel}","templated":true}]}}