{"id":19,"date":"2021-03-30T22:47:45","date_gmt":"2021-03-30T20:47:45","guid":{"rendered":"http:\/\/obwodnicamilicza.pl\/?page_id=19"},"modified":"2025-02-03T21:28:55","modified_gmt":"2025-02-03T20:28:55","slug":"opis-zadania-z-glownymi-celami-2","status":"publish","type":"page","link":"http:\/\/obwodnicamilicza.pl\/index.php\/opis-zadania-z-glownymi-celami-2\/","title":{"rendered":"Opis zadania z g\u0142\u00f3wnymi celami"},"content":{"rendered":"\n<p>Celem inwestycji jest budowa obwodnicy Milicza w ci\u0105gu drogi krajowej nr 15, kt\u00f3ra pozwoli na popraw\u0119 przepustowo\u015bci uk\u0142adu komunikacyjnego \u0142\u0105cz\u0105cego drog\u0119 ekspresow\u0105 S5 z drog\u0105 krajow\u0105 nr 11 w Jarocinie, a w przysz\u0142o\u015bci z drog\u0105 ekspresow\u0105 S11.<br>Obwodnica Milicza pozwoli na wyeliminowanie ruchu tranzytowego z centrum miasta, charakteryzuj\u0105cego si\u0119 \u015bcis\u0142\u0105 zabudowa mieszkaniow\u0105, a tym samym wp\u0142ynie na popraw\u0119 warunk\u00f3w ruchu, bezpiecze\u0144stwa u\u017cytkownik\u00f3w dr\u00f3g oraz jego mieszka\u0144c\u00f3w.<br><br>Lokalizacja inwestycji<br>\u2022 wojew\u00f3dztwo: dolno\u015bl\u0105skie<br>\u2022 powiaty: milicki<br>\u2022 gminy: gmina miejska i wiejska Milicz<br>\u2022 d\u0142ugo\u015b\u0107: oko\u0142o 12 km<br>\u2022 numer drogi: 15<br><br>Umowa na prace przygotowawcze zosta\u0142a zawarta z firm\u0105 IVIA Sp z o.o. z Katowic. Proces przygotowawczy przewidziany jest na lata 2021-2024, a obejmuje on opracowanie dokumentacji projektowej w zakresie: studium techniczno-ekonomiczno-\u015brodowiskowego, element\u00f3w koncepcji programowej wraz z uzyskaniem decyzji o \u015brodowiskowych uwarunkowaniach oraz wykonania badania pod\u0142o\u017ca gruntowego.<br>Realizacja inwestycji w systemie \u201ePiB&#8221; planowana jest na lata 2025 \u2013 2029.<\/p>\n\n\n\n<p>Strona GDDKiA: <br><a href=\"https:\/\/www.gddkia.gov.pl\/pl\/a\/40895\/Rozpoczynamy-projektowanieobwodnicy-Milicza-w-ciagu-DK15\">Rozpoczynamy projektowanie obwodnicy Milicza w ci\u0105gu DK15<\/a><br><a href=\"https:\/\/www.gddkia.gov.pl\/pl\/a\/39851\/Otworzylismy-oferty-na-opracowanie-dokumentacji-dlaobwodnicy-Milicza\">GDDKiA &#8211; Otworzyli\u015bmy oferty na opracowanie dokumentacji dla obwodnicy Milicza<\/a><\/p>\n","protected":false},"excerpt":{"rendered":"<p>Celem inwestycji jest budowa obwodnicy Milicza w ci\u0105gu drogi krajowej nr 15, kt\u00f3ra pozwoli na popraw\u0119 przepustowo\u015bci uk\u0142adu komunikacyjnego \u0142\u0105cz\u0105cego drog\u0119 ekspresow\u0105 S5 z drog\u0105 krajow\u0105 nr 11 w Jarocinie, a w przysz\u0142o\u015bci z drog\u0105 ekspresow\u0105 S11.Obwodnica Milicza pozwoli na wyeliminowanie ruchu tranzytowego z centrum miasta, charakteryzuj\u0105cego si\u0119 \u015bcis\u0142\u0105 zabudowa mieszkaniow\u0105, a tym samym wp\u0142ynie na popraw\u0119 warunk\u00f3w ruchu, bezpiecze\u0144stwa u\u017cytkownik\u00f3w dr\u00f3g oraz jego mieszka\u0144c\u00f3w. Lokalizacja inwestycji\u2022 wojew\u00f3dztwo: dolno\u015bl\u0105skie\u2022 powiaty:&hellip;<\/p>\n","protected":false},"author":1,"featured_media":0,"parent":0,"menu_order":0,"comment_status":"closed","ping_status":"closed","template":"","meta":{"footnotes":""},"class_list":["post-19","page","type-page","status-publish","hentry"],"yoast_head":"<!-- This site is optimized with the Yoast SEO plugin v27.5 - https:\/\/yoast.com\/product\/yoast-seo-wordpress\/ -->\n<title>Opis zadania z g\u0142\u00f3wnymi celami - Budowa obwodnicy Milicza DK15<\/title>\n<meta name=\"description\" content=\"Milicz, obwodnica Milicza, obwodnicamilicza, 100obwodnic, DK 15, DW 439, DW 448, spotkanie informacyjne, konsultacje spo\u0142eczne, warianty, przebieg trasy, IVIA, Dolina Baryczy, Kaszowo, Stawiec, K\u0105ty, \u015awi\u0119toszyn, Tomaszk\u00f3w, Mi\u0142ochowice, Koruszka, Wszewilki\" \/>\n<meta name=\"robots\" content=\"index, follow, max-snippet:-1, max-image-preview:large, max-video-preview:-1\" \/>\n<link rel=\"canonical\" href=\"http:\/\/obwodnicamilicza.pl\/index.php\/opis-zadania-z-glownymi-celami-2\/\" \/>\n<meta property=\"og:locale\" content=\"pl_PL\" \/>\n<meta property=\"og:type\" content=\"article\" \/>\n<meta property=\"og:title\" content=\"Opis zadania z g\u0142\u00f3wnymi celami - Budowa obwodnicy Milicza DK15\" \/>\n<meta property=\"og:description\" content=\"Milicz, obwodnica Milicza, obwodnicamilicza, 100obwodnic, DK 15, DW 439, DW 448, spotkanie informacyjne, konsultacje spo\u0142eczne, warianty, przebieg trasy, IVIA, Dolina Baryczy, Kaszowo, Stawiec, K\u0105ty, \u015awi\u0119toszyn, Tomaszk\u00f3w, Mi\u0142ochowice, Koruszka, Wszewilki\" \/>\n<meta property=\"og:url\" content=\"http:\/\/obwodnicamilicza.pl\/index.php\/opis-zadania-z-glownymi-celami-2\/\" \/>\n<meta property=\"og:site_name\" content=\"Budowa obwodnicy Milicza DK15\" \/>\n<meta property=\"article:modified_time\" content=\"2025-02-03T20:28:55+00:00\" \/>\n<meta name=\"twitter:card\" content=\"summary_large_image\" \/>\n<meta name=\"twitter:label1\" content=\"Szacowany czas czytania\" \/>\n\t<meta name=\"twitter:data1\" content=\"1 minuta\" \/>\n<script type=\"application\/ld+json\" class=\"yoast-schema-graph\">{\"@context\":\"https:\\\/\\\/schema.org\",\"@graph\":[{\"@type\":\"WebPage\",\"@id\":\"http:\\\/\\\/obwodnicamilicza.pl\\\/index.php\\\/opis-zadania-z-glownymi-celami-2\\\/\",\"url\":\"http:\\\/\\\/obwodnicamilicza.pl\\\/index.php\\\/opis-zadania-z-glownymi-celami-2\\\/\",\"name\":\"Opis zadania z g\u0142\u00f3wnymi celami - Budowa obwodnicy Milicza DK15\",\"isPartOf\":{\"@id\":\"http:\\\/\\\/obwodnicamilicza.pl\\\/#website\"},\"datePublished\":\"2021-03-30T20:47:45+00:00\",\"dateModified\":\"2025-02-03T20:28:55+00:00\",\"description\":\"Milicz, obwodnica Milicza, obwodnicamilicza, 100obwodnic, DK 15, DW 439, DW 448, spotkanie informacyjne, konsultacje spo\u0142eczne, warianty, przebieg trasy, IVIA, Dolina Baryczy, Kaszowo, Stawiec, K\u0105ty, \u015awi\u0119toszyn, Tomaszk\u00f3w, Mi\u0142ochowice, Koruszka, Wszewilki\",\"breadcrumb\":{\"@id\":\"http:\\\/\\\/obwodnicamilicza.pl\\\/index.php\\\/opis-zadania-z-glownymi-celami-2\\\/#breadcrumb\"},\"inLanguage\":\"pl-PL\",\"potentialAction\":[{\"@type\":\"ReadAction\",\"target\":[\"http:\\\/\\\/obwodnicamilicza.pl\\\/index.php\\\/opis-zadania-z-glownymi-celami-2\\\/\"]}]},{\"@type\":\"BreadcrumbList\",\"@id\":\"http:\\\/\\\/obwodnicamilicza.pl\\\/index.php\\\/opis-zadania-z-glownymi-celami-2\\\/#breadcrumb\",\"itemListElement\":[{\"@type\":\"ListItem\",\"position\":1,\"name\":\"Strona g\u0142\u00f3wna\",\"item\":\"http:\\\/\\\/obwodnicamilicza.pl\\\/\"},{\"@type\":\"ListItem\",\"position\":2,\"name\":\"Opis zadania z g\u0142\u00f3wnymi celami\"}]},{\"@type\":\"WebSite\",\"@id\":\"http:\\\/\\\/obwodnicamilicza.pl\\\/#website\",\"url\":\"http:\\\/\\\/obwodnicamilicza.pl\\\/\",\"name\":\"Budowa obwodnicy Milicza DK15\",\"description\":\"Budowa obwodnicy Milicza w ci\u0105gu drogi krajowej nr 15\",\"publisher\":{\"@id\":\"http:\\\/\\\/obwodnicamilicza.pl\\\/#organization\"},\"potentialAction\":[{\"@type\":\"SearchAction\",\"target\":{\"@type\":\"EntryPoint\",\"urlTemplate\":\"http:\\\/\\\/obwodnicamilicza.pl\\\/?s={search_term_string}\"},\"query-input\":{\"@type\":\"PropertyValueSpecification\",\"valueRequired\":true,\"valueName\":\"search_term_string\"}}],\"inLanguage\":\"pl-PL\"},{\"@type\":\"Organization\",\"@id\":\"http:\\\/\\\/obwodnicamilicza.pl\\\/#organization\",\"name\":\"Budowa obwodnicy Milicza DK15\",\"url\":\"http:\\\/\\\/obwodnicamilicza.pl\\\/\",\"logo\":{\"@type\":\"ImageObject\",\"inLanguage\":\"pl-PL\",\"@id\":\"http:\\\/\\\/obwodnicamilicza.pl\\\/#\\\/schema\\\/logo\\\/image\\\/\",\"url\":\"http:\\\/\\\/obwodnicamilicza.pl\\\/wp-content\\\/uploads\\\/2021\\\/06\\\/cropped-100_obwodnic_kolor.png\",\"contentUrl\":\"http:\\\/\\\/obwodnicamilicza.pl\\\/wp-content\\\/uploads\\\/2021\\\/06\\\/cropped-100_obwodnic_kolor.png\",\"width\":290,\"height\":38,\"caption\":\"Budowa obwodnicy Milicza DK15\"},\"image\":{\"@id\":\"http:\\\/\\\/obwodnicamilicza.pl\\\/#\\\/schema\\\/logo\\\/image\\\/\"}}]}<\/script>\n<!-- \/ Yoast SEO plugin. -->","yoast_head_json":{"title":"Opis zadania z g\u0142\u00f3wnymi celami - Budowa obwodnicy Milicza DK15","description":"Milicz, obwodnica Milicza, obwodnicamilicza, 100obwodnic, DK 15, DW 439, DW 448, spotkanie informacyjne, konsultacje spo\u0142eczne, warianty, przebieg trasy, IVIA, Dolina Baryczy, Kaszowo, Stawiec, K\u0105ty, \u015awi\u0119toszyn, Tomaszk\u00f3w, Mi\u0142ochowice, Koruszka, Wszewilki","robots":{"index":"index","follow":"follow","max-snippet":"max-snippet:-1","max-image-preview":"max-image-preview:large","max-video-preview":"max-video-preview:-1"},"canonical":"http:\/\/obwodnicamilicza.pl\/index.php\/opis-zadania-z-glownymi-celami-2\/","og_locale":"pl_PL","og_type":"article","og_title":"Opis zadania z g\u0142\u00f3wnymi celami - Budowa obwodnicy Milicza DK15","og_description":"Milicz, obwodnica Milicza, obwodnicamilicza, 100obwodnic, DK 15, DW 439, DW 448, spotkanie informacyjne, konsultacje spo\u0142eczne, warianty, przebieg trasy, IVIA, Dolina Baryczy, Kaszowo, Stawiec, K\u0105ty, \u015awi\u0119toszyn, Tomaszk\u00f3w, Mi\u0142ochowice, Koruszka, Wszewilki","og_url":"http:\/\/obwodnicamilicza.pl\/index.php\/opis-zadania-z-glownymi-celami-2\/","og_site_name":"Budowa obwodnicy Milicza DK15","article_modified_time":"2025-02-03T20:28:55+00:00","twitter_card":"summary_large_image","twitter_misc":{"Szacowany czas czytania":"1 minuta"},"schema":{"@context":"https:\/\/schema.org","@graph":[{"@type":"WebPage","@id":"http:\/\/obwodnicamilicza.pl\/index.php\/opis-zadania-z-glownymi-celami-2\/","url":"http:\/\/obwodnicamilicza.pl\/index.php\/opis-zadania-z-glownymi-celami-2\/","name":"Opis zadania z g\u0142\u00f3wnymi celami - Budowa obwodnicy Milicza DK15","isPartOf":{"@id":"http:\/\/obwodnicamilicza.pl\/#website"},"datePublished":"2021-03-30T20:47:45+00:00","dateModified":"2025-02-03T20:28:55+00:00","description":"Milicz, obwodnica Milicza, obwodnicamilicza, 100obwodnic, DK 15, DW 439, DW 448, spotkanie informacyjne, konsultacje spo\u0142eczne, warianty, przebieg trasy, IVIA, Dolina Baryczy, Kaszowo, Stawiec, K\u0105ty, \u015awi\u0119toszyn, Tomaszk\u00f3w, Mi\u0142ochowice, Koruszka, Wszewilki","breadcrumb":{"@id":"http:\/\/obwodnicamilicza.pl\/index.php\/opis-zadania-z-glownymi-celami-2\/#breadcrumb"},"inLanguage":"pl-PL","potentialAction":[{"@type":"ReadAction","target":["http:\/\/obwodnicamilicza.pl\/index.php\/opis-zadania-z-glownymi-celami-2\/"]}]},{"@type":"BreadcrumbList","@id":"http:\/\/obwodnicamilicza.pl\/index.php\/opis-zadania-z-glownymi-celami-2\/#breadcrumb","itemListElement":[{"@type":"ListItem","position":1,"name":"Strona g\u0142\u00f3wna","item":"http:\/\/obwodnicamilicza.pl\/"},{"@type":"ListItem","position":2,"name":"Opis zadania z g\u0142\u00f3wnymi celami"}]},{"@type":"WebSite","@id":"http:\/\/obwodnicamilicza.pl\/#website","url":"http:\/\/obwodnicamilicza.pl\/","name":"Budowa obwodnicy Milicza DK15","description":"Budowa obwodnicy Milicza w ci\u0105gu drogi krajowej nr 15","publisher":{"@id":"http:\/\/obwodnicamilicza.pl\/#organization"},"potentialAction":[{"@type":"SearchAction","target":{"@type":"EntryPoint","urlTemplate":"http:\/\/obwodnicamilicza.pl\/?s={search_term_string}"},"query-input":{"@type":"PropertyValueSpecification","valueRequired":true,"valueName":"search_term_string"}}],"inLanguage":"pl-PL"},{"@type":"Organization","@id":"http:\/\/obwodnicamilicza.pl\/#organization","name":"Budowa obwodnicy Milicza DK15","url":"http:\/\/obwodnicamilicza.pl\/","logo":{"@type":"ImageObject","inLanguage":"pl-PL","@id":"http:\/\/obwodnicamilicza.pl\/#\/schema\/logo\/image\/","url":"http:\/\/obwodnicamilicza.pl\/wp-content\/uploads\/2021\/06\/cropped-100_obwodnic_kolor.png","contentUrl":"http:\/\/obwodnicamilicza.pl\/wp-content\/uploads\/2021\/06\/cropped-100_obwodnic_kolor.png","width":290,"height":38,"caption":"Budowa obwodnicy Milicza DK15"},"image":{"@id":"http:\/\/obwodnicamilicza.pl\/#\/schema\/logo\/image\/"}}]}},"_links":{"self":[{"href":"http:\/\/obwodnicamilicza.pl\/index.php\/wp-json\/wp\/v2\/pages\/19","targetHints":{"allow":["GET"]}}],"collection":[{"href":"http:\/\/obwodnicamilicza.pl\/index.php\/wp-json\/wp\/v2\/pages"}],"about":[{"href":"http:\/\/obwodnicamilicza.pl\/index.php\/wp-json\/wp\/v2\/types\/page"}],"author":[{"embeddable":true,"href":"http:\/\/obwodnicamilicza.pl\/index.php\/wp-json\/wp\/v2\/users\/1"}],"replies":[{"embeddable":true,"href":"http:\/\/obwodnicamilicza.pl\/index.php\/wp-json\/wp\/v2\/comments?post=19"}],"version-history":[{"count":9,"href":"http:\/\/obwodnicamilicza.pl\/index.php\/wp-json\/wp\/v2\/pages\/19\/revisions"}],"predecessor-version":[{"id":1314,"href":"http:\/\/obwodnicamilicza.pl\/index.php\/wp-json\/wp\/v2\/pages\/19\/revisions\/1314"}],"wp:attachment":[{"href":"http:\/\/obwodnicamilicza.pl\/index.php\/wp-json\/wp\/v2\/media?parent=19"}],"curies":[{"name":"wp","href":"https:\/\/api.w.org\/{rel}","templated":true}]}}