{"id":453,"date":"2020-12-21T23:36:01","date_gmt":"2020-12-21T23:36:01","guid":{"rendered":"http:\/\/obwodnicalegnicydk94.pl\/?page_id=453"},"modified":"2021-08-24T21:09:18","modified_gmt":"2021-08-24T19:09:18","slug":"przedmiotu-i-zakres-zadania-inwestycyjnego","status":"publish","type":"page","link":"http:\/\/obwodnicamilicza.pl\/index.php\/przedmiotu-i-zakres-zadania-inwestycyjnego\/","title":{"rendered":"Przedmiot i zakres zadania inwestycyjnego"},"content":{"rendered":"<p><strong>Przedmiot i zakres zadania inwestycyjnego.<\/strong><\/p>\n<p>Przedmiotem zadania inwestycyjnego jest \u201eOpracowanie Studium Techniczno-Ekonomiczno \u015arodowiskowego z elementami Koncepcji Programowej wraz z uzyskaniem Decyzji o \u015arodowiskowych Uwarunkowaniach oraz Programem Funkcjonalno-U\u017cytkowym dla Obwodnicy Legnicy w ci\u0105gu drogi krajowej nr 94 w ramach zadania inwestycyjnego \u201eBudowa brakuj\u0105cego fragmentu obwodnicy Legnicy w ci\u0105gu drogi krajowej nr 94\u201d\u201d.<\/p>\n<p><strong>Podzia\u0142 zakresu zadania ze wzgl\u0119du na finansowanie:<\/strong><\/p>\n<p><strong>1) Cz\u0119\u015b\u0107 I &#8211; zadanie GDDKiA<\/strong> &#8211; droga poza granicami miasta Legnicy &#8211; w granicach administracyjnych Gminy Legnickie Pole &#8211; od wiaduktu nad torami PKP, wraz z wiaduktem, przy czym GDDKiA finansuje 50 % koszt\u00f3w zwi\u0105zanych z budow\u0105 wiaduktu nad torami PKP w rejonie ul. Gniewomierskiej;<\/p>\n<p><strong>2) Cz\u0119\u015b\u0107 II &#8211; zadanie Gminy<\/strong> &#8211; droga w granicach administracyjnych miasta Legnicy tj.:<br \/>\na) odcinek ul. Gniewomierskiej wraz z wiaduktem, przy czym Gmina finansuje 50 % koszt\u00f3w zwi\u0105zanych z budow\u0105 wiaduktu nad torami PKP w rejonie ul. Gniewomierskiej,<br \/>\nb) brakuj\u0105cy odcinek drogi od granicy administracyjnej miasta Legnicy do skrzy\u017cowania ul. Sikorskiego z ul. Koskowick\u0105,<br \/>\nc) ul. Sikorskiego od skrzy\u017cowania z ul. Koskowick\u0105 do skrzy\u017cowania z ul. Wroc\u0142awsk\u0105<\/p>\n<p>Rozwi\u0105zania projektowe zapewni\u0105 pe\u0142n\u0105 rozdzielno\u015b\u0107 element\u00f3w zar\u00f3wno do fizycznego utrzymania jak i ponoszenia koszt\u00f3w, bez konieczno\u015bci refakturowania czy zawierania porozumie\u0144 (m.in. w zakresie o\u015bwietlenia, odwodnienia) dla Gmin i zarz\u0105dc\u00f3w poszczeg\u00f3lnych dr\u00f3g.<\/p>\n<p>Projekt kompetencji wraz z naniesieniem linii rozgraniczaj\u0105cych dr\u00f3g innych ni\u017c krajowa w docelowym uk\u0142adzie (w tym wydzielenie dr\u00f3g dojazdowych zlokalizowanych wzd\u0142u\u017c drogi krajowej), ma za zadanie wydzieli\u0107 granice pas\u00f3w drogowych dr\u00f3g projektowanych w ramach inwestycji, znajduj\u0105cych si\u0119 w liniach rozgraniczaj\u0105cych inwestycji, z uwzgl\u0119dnieniem ich projektowanej kategorii i zostanie opracowany przebieg granic ich pas\u00f3w drogowych. Wydzielenie obejmie r\u00f3wnie\u017c drogi dojazdowe zlokalizowane wzd\u0142u\u017c drogi krajowej.<\/p>\n<p>Projekt kompetencji umo\u017cliwi przekazanie innych dr\u00f3g ni\u017c krajowa, ich docelowym zarz\u0105dcom, celem wyst\u0105pienia w przysz\u0142o\u015bci z wnioskiem o kt\u00f3rym mowa w art. 11f ust 1 pkt 2 Ustawy z dnia 10 kwietnia 2003 r. o szczeg\u00f3lnych zasadach przygotowania i realizacji inwestycji w zakresie dr\u00f3g publicznych. Projekt kompetencji po uzyskaniu opinii Zarz\u0105dc\u00f3w tych dr\u00f3g, zostanie przekazany Zamawiaj\u0105cemu do akceptacji.<\/p>\n<p>Projekt kompetencji drogi krajowej w podziale na cz\u0119\u015b\u0107 Generalnej Dyrekcji Dr\u00f3g Krajowych i Autostrad i Gminy Legnicy.<\/p>\n<p><strong>Zam\u00f3wienie obejmuje:<\/strong><\/p>\n<p>Wykonanie dokumentacji zgodnie z \u00a7 2 ust. 1 Zarz\u0105dzenia GDDKiA nr 58 z dnia 23.11.2015 r. w sprawie dokumentacji do realizacji inwestycji &#8211; w zakresie trybu \u201eSTE\u015a-R\u201d \u2013 Studium Techniczno \u2013 Ekonomiczno- \u015arodowiskowe z elementami koncepcji programowej wraz z:<br \/>\n&#8211; uzyskaniem decyzji o \u015brodowiskowych uwarunkowaniach,<br \/>\n&#8211; wykonanie Programu Funkcjonalno &#8211; U\u017cytkowego w celu realizacji zadania w systemie \u201eProjektuj i Buduj\u201d (w dalszej cz\u0119\u015bci zam\u00f3wienia zwany PFU).<\/p>\n<p><strong>Celem opracowania jest:<\/strong><\/p>\n<p>a) Stadium STE\u015a-R &#8211; pierwszy etap o charakterze og\u00f3lnym:<br \/>\n&#8211; wst\u0119pne okre\u015blenie zakresu rzeczowego i finansowego przedsi\u0119wzi\u0119cia oraz ustalenie jego efektywno\u015bci,<br \/>\n&#8211; u\u015bci\u015blenie przebiegu tras poszczeg\u00f3lnych wariant\u00f3w (na podstawie analizy wariant\u00f3w i uzyskanych opinii) oraz ostateczne uzyskanie typ\u00f3w oraz podstawowych parametr\u00f3w technicznych obiekt\u00f3w budowlanych,<br \/>\n&#8211; dostarczenie informacji do podj\u0119cia wst\u0119pnej decyzji inwestorskiej w sprawie w sprawie celowo\u015bci, zakresu i horyzontu czasowego realizacji zadania inwestycyjnego,<br \/>\n&#8211; umo\u017cliwienie uzyskania decyzji o \u015brodowiskowych uwarunkowaniach.<br \/>\nb) Stadium KP i PFU &#8211; drugi etap stanowi\u0105cy uszczeg\u00f3\u0142owienie opracowanych w pierwszym etapie rozwi\u0105za\u0144:<br \/>\n&#8211; u\u015bci\u015blenie zakresu rzeczowego i finansowego polegaj\u0105ce na ustaleniu szczeg\u00f3lnych rozwi\u0105za\u0144 geometrycznych dr\u00f3g, konstrukcji drogowych obiekt\u00f3w in\u017cynierskich, granic terenowych zadania inwestycyjnego oraz pomiaru rob\u00f3t i ich kosztorysu dla kluczowych element\u00f3w przedsi\u0119wzi\u0119cia. Kosztorys nale\u017cy wykona\u0107 zgodnie ze wzorem podzia\u0142u pozycji kosztorysowych przekazanych przez Zamawiaj\u0105cego<br \/>\n&#8211; okre\u015blenie wytycznych do projektu budowlanego,<br \/>\n&#8211; wykonanie analizy wielokryterialnej umo\u017cliwiaj\u0105cej Zamawiaj\u0105cemu wyb\u00f3r najkorzystniejszego wariantu.<\/p>\n<p><strong>Zakres inwestycji to m.in.:<\/strong><\/p>\n<p>\u2022 roboty przygotowawcze: w tym m. in. wycinka istniej\u0105cej zieleni, usuni\u0119cie warstwy humusu, rozbi\u00f3rki istniej\u0105cych element\u00f3w dr\u00f3g, rozbi\u00f3rka obiekt\u00f3w budowlanych i innych element\u00f3w koliduj\u0105cych z planowan\u0105 inwestycj\u0105,<br \/>\n\u2022 roboty drogowe w zakresie: budowy po nowym \u015bladzie obwodnicy Legnicy d\u0142ugo\u015bci oko\u0142o 3,9 km i przebudowy oko\u0142o 2,7 km (w zale\u017cno\u015bci od wybranego wariantu) klasy technicznej GP, w tym:<\/p>\n<p>&#8211; roboty ziemne,<br \/>\n&#8211; odwodnienie,<br \/>\n&#8211; podbudowy,<br \/>\n&#8211; nawierzchnie,<br \/>\n&#8211; roboty wyko\u0144czeniowe,<br \/>\n&#8211; elementy ulic,<br \/>\n&#8211; urz\u0105dzenia bezpiecze\u0144stwa ruchu,<br \/>\n&#8211; ziele\u0144 drogowa.<\/p>\n<p>Przewiduje si\u0119 budow\u0119 skrzy\u017cowa\u0144 drogowych, przebudow\u0119 istniej\u0105cej sieci dr\u00f3g w zakresie kolizji z planowan\u0105 inwestycj\u0105, budow\u0119 dr\u00f3g dojazdowych obs\u0142uguj\u0105cych tereny przyleg\u0142e do projektowanego pasa drogowego,<\/p>\n<p>\u2022 budowa obiekt\u00f3w in\u017cynierskich (rodzaj obiekt\u00f3w i ich ilo\u015b\u0107 uzale\u017cniona jest od wybranego wariantu przebiegu obwodnicy na etapie prac projektowych) w tym co najmniej jeden obiekt in\u017cynierski nad torami PKP- linia kolejowa nr 137,<br \/>\n\u2022 przebudowa oraz umocnienie ciek\u00f3w i row\u00f3w,<br \/>\n\u2022 przebudowa uzbrojenia koliduj\u0105cego z planowan\u0105 drog\u0105,<br \/>\n\u2022 budowa kana\u0142\u00f3w technologicznych,<br \/>\n\u2022 sta\u0142a organizacja ruchu na drogach krajowych i odcinkach przebudowywanych dr\u00f3g lokalnych,<br \/>\n\u2022 organizacja ruchu na czas wykonywania rob\u00f3t, w tym m.in. zapewnienie dojazdu do wszystkich dzia\u0142ek s\u0105siaduj\u0105cych z projektowanym pasem drogowym przez ca\u0142y czas trwania budowy,<br \/>\n\u2022 budowa urz\u0105dze\u0144 ochrony \u015brodowiska, w tym m.in. ekranu akustycznego, przepust\u00f3w stanowi\u0105cych przej\u015bcia dla zwierz\u0105t, ogrodzenia ochronno-naprowadzaj\u0105cego,<br \/>\n\u2022 przywr\u00f3cenie dr\u00f3g publicznych u\u017cytkowanych przez Wykonawc\u0119 w czasie budowy, w standardzie sprzed rozpocz\u0119cia budowy, zgodnie z ustaleniami poczynionymi z Zarz\u0105dcami Dr\u00f3g,<br \/>\n\u2022 wykonanie pe\u0142nej rekultywacji teren\u00f3w zaj\u0119tych pod zaplecza techniczne, socjalne, place budowy, drogi na czas budowy i wszelkie inne tereny przekszta\u0142cone przez Wykonawc\u0119 w czasie prowadzenia rob\u00f3t, jak r\u00f3wnie\u017c w okresie usuwania wad,<br \/>\n\u2022 opracowanie dokumentacji projektowej i powykonawczej,<br \/>\n\u2022 uzyskanie decyzji o pozwoleniu na u\u017cytkowanie,<br \/>\n\u2022 wykonanie wszelkich innych rob\u00f3t i opracowa\u0144, jakie oka\u017c\u0105 si\u0119 niezb\u0119dne dla zaprojektowania i zrealizowania inwestycji.<\/p>\n","protected":false},"excerpt":{"rendered":"<p>Przedmiot i zakres zadania inwestycyjnego. Przedmiotem zadania inwestycyjnego jest \u201eOpracowanie Studium Techniczno-Ekonomiczno \u015arodowiskowego z elementami Koncepcji Programowej wraz z uzyskaniem Decyzji o \u015arodowiskowych Uwarunkowaniach oraz Programem Funkcjonalno-U\u017cytkowym dla Obwodnicy Legnicy w ci\u0105gu drogi krajowej nr 94 w ramach zadania inwestycyjnego \u201eBudowa brakuj\u0105cego fragmentu obwodnicy Legnicy w ci\u0105gu drogi krajowej nr 94\u201d\u201d. Podzia\u0142 zakresu zadania ze wzgl\u0119du na finansowanie: 1) Cz\u0119\u015b\u0107 I &#8211; zadanie GDDKiA &#8211; droga poza granicami miasta Legnicy&hellip;<\/p>\n","protected":false},"author":1,"featured_media":0,"parent":0,"menu_order":0,"comment_status":"closed","ping_status":"closed","template":"","meta":{"footnotes":""},"class_list":["post-453","page","type-page","status-publish","hentry"],"yoast_head":"<!-- This site is optimized with the Yoast SEO plugin v27.5 - https:\/\/yoast.com\/product\/yoast-seo-wordpress\/ -->\n<title>Przedmiot i zakres zadania inwestycyjnego - Budowa obwodnicy Milicza DK15<\/title>\n<meta name=\"description\" content=\"Milicz, obwodnica Milicza, obwodnicamilicza, 100obwodnic, DK 15, DW 439, DW 448, spotkanie informacyjne, konsultacje spo\u0142eczne, warianty, przebieg trasy, IVIA, Dolina Baryczy, Kaszowo, Stawiec, K\u0105ty, \u015awi\u0119toszyn, Tomaszk\u00f3w, Mi\u0142ochowice, Koruszka, Wszewilki\" \/>\n<meta name=\"robots\" content=\"index, follow, max-snippet:-1, max-image-preview:large, max-video-preview:-1\" \/>\n<link rel=\"canonical\" href=\"http:\/\/obwodnicamilicza.pl\/index.php\/przedmiotu-i-zakres-zadania-inwestycyjnego\/\" \/>\n<meta property=\"og:locale\" content=\"pl_PL\" \/>\n<meta property=\"og:type\" content=\"article\" \/>\n<meta property=\"og:title\" content=\"Przedmiot i zakres zadania inwestycyjnego - Budowa obwodnicy Milicza DK15\" \/>\n<meta property=\"og:description\" content=\"Milicz, obwodnica Milicza, obwodnicamilicza, 100obwodnic, DK 15, DW 439, DW 448, spotkanie informacyjne, konsultacje spo\u0142eczne, warianty, przebieg trasy, IVIA, Dolina Baryczy, Kaszowo, Stawiec, K\u0105ty, \u015awi\u0119toszyn, Tomaszk\u00f3w, Mi\u0142ochowice, Koruszka, Wszewilki\" \/>\n<meta property=\"og:url\" content=\"http:\/\/obwodnicamilicza.pl\/index.php\/przedmiotu-i-zakres-zadania-inwestycyjnego\/\" \/>\n<meta property=\"og:site_name\" content=\"Budowa obwodnicy Milicza DK15\" \/>\n<meta property=\"article:modified_time\" content=\"2021-08-24T19:09:18+00:00\" \/>\n<meta name=\"twitter:card\" content=\"summary_large_image\" \/>\n<meta name=\"twitter:label1\" content=\"Szacowany czas czytania\" \/>\n\t<meta name=\"twitter:data1\" content=\"4 minuty\" \/>\n<script type=\"application\/ld+json\" class=\"yoast-schema-graph\">{\"@context\":\"https:\\\/\\\/schema.org\",\"@graph\":[{\"@type\":\"WebPage\",\"@id\":\"http:\\\/\\\/obwodnicamilicza.pl\\\/index.php\\\/przedmiotu-i-zakres-zadania-inwestycyjnego\\\/\",\"url\":\"http:\\\/\\\/obwodnicamilicza.pl\\\/index.php\\\/przedmiotu-i-zakres-zadania-inwestycyjnego\\\/\",\"name\":\"Przedmiot i zakres zadania inwestycyjnego - Budowa obwodnicy Milicza DK15\",\"isPartOf\":{\"@id\":\"http:\\\/\\\/obwodnicamilicza.pl\\\/#website\"},\"datePublished\":\"2020-12-21T23:36:01+00:00\",\"dateModified\":\"2021-08-24T19:09:18+00:00\",\"description\":\"Milicz, obwodnica Milicza, obwodnicamilicza, 100obwodnic, DK 15, DW 439, DW 448, spotkanie informacyjne, konsultacje spo\u0142eczne, warianty, przebieg trasy, IVIA, Dolina Baryczy, Kaszowo, Stawiec, K\u0105ty, \u015awi\u0119toszyn, Tomaszk\u00f3w, Mi\u0142ochowice, Koruszka, Wszewilki\",\"breadcrumb\":{\"@id\":\"http:\\\/\\\/obwodnicamilicza.pl\\\/index.php\\\/przedmiotu-i-zakres-zadania-inwestycyjnego\\\/#breadcrumb\"},\"inLanguage\":\"pl-PL\",\"potentialAction\":[{\"@type\":\"ReadAction\",\"target\":[\"http:\\\/\\\/obwodnicamilicza.pl\\\/index.php\\\/przedmiotu-i-zakres-zadania-inwestycyjnego\\\/\"]}]},{\"@type\":\"BreadcrumbList\",\"@id\":\"http:\\\/\\\/obwodnicamilicza.pl\\\/index.php\\\/przedmiotu-i-zakres-zadania-inwestycyjnego\\\/#breadcrumb\",\"itemListElement\":[{\"@type\":\"ListItem\",\"position\":1,\"name\":\"Strona g\u0142\u00f3wna\",\"item\":\"http:\\\/\\\/obwodnicamilicza.pl\\\/\"},{\"@type\":\"ListItem\",\"position\":2,\"name\":\"Przedmiot i zakres zadania inwestycyjnego\"}]},{\"@type\":\"WebSite\",\"@id\":\"http:\\\/\\\/obwodnicamilicza.pl\\\/#website\",\"url\":\"http:\\\/\\\/obwodnicamilicza.pl\\\/\",\"name\":\"Budowa obwodnicy Milicza DK15\",\"description\":\"Budowa obwodnicy Milicza w ci\u0105gu drogi krajowej nr 15\",\"publisher\":{\"@id\":\"http:\\\/\\\/obwodnicamilicza.pl\\\/#organization\"},\"potentialAction\":[{\"@type\":\"SearchAction\",\"target\":{\"@type\":\"EntryPoint\",\"urlTemplate\":\"http:\\\/\\\/obwodnicamilicza.pl\\\/?s={search_term_string}\"},\"query-input\":{\"@type\":\"PropertyValueSpecification\",\"valueRequired\":true,\"valueName\":\"search_term_string\"}}],\"inLanguage\":\"pl-PL\"},{\"@type\":\"Organization\",\"@id\":\"http:\\\/\\\/obwodnicamilicza.pl\\\/#organization\",\"name\":\"Budowa obwodnicy Milicza DK15\",\"url\":\"http:\\\/\\\/obwodnicamilicza.pl\\\/\",\"logo\":{\"@type\":\"ImageObject\",\"inLanguage\":\"pl-PL\",\"@id\":\"http:\\\/\\\/obwodnicamilicza.pl\\\/#\\\/schema\\\/logo\\\/image\\\/\",\"url\":\"http:\\\/\\\/obwodnicamilicza.pl\\\/wp-content\\\/uploads\\\/2021\\\/06\\\/cropped-100_obwodnic_kolor.png\",\"contentUrl\":\"http:\\\/\\\/obwodnicamilicza.pl\\\/wp-content\\\/uploads\\\/2021\\\/06\\\/cropped-100_obwodnic_kolor.png\",\"width\":290,\"height\":38,\"caption\":\"Budowa obwodnicy Milicza DK15\"},\"image\":{\"@id\":\"http:\\\/\\\/obwodnicamilicza.pl\\\/#\\\/schema\\\/logo\\\/image\\\/\"}}]}<\/script>\n<!-- \/ Yoast SEO plugin. -->","yoast_head_json":{"title":"Przedmiot i zakres zadania inwestycyjnego - Budowa obwodnicy Milicza DK15","description":"Milicz, obwodnica Milicza, obwodnicamilicza, 100obwodnic, DK 15, DW 439, DW 448, spotkanie informacyjne, konsultacje spo\u0142eczne, warianty, przebieg trasy, IVIA, Dolina Baryczy, Kaszowo, Stawiec, K\u0105ty, \u015awi\u0119toszyn, Tomaszk\u00f3w, Mi\u0142ochowice, Koruszka, Wszewilki","robots":{"index":"index","follow":"follow","max-snippet":"max-snippet:-1","max-image-preview":"max-image-preview:large","max-video-preview":"max-video-preview:-1"},"canonical":"http:\/\/obwodnicamilicza.pl\/index.php\/przedmiotu-i-zakres-zadania-inwestycyjnego\/","og_locale":"pl_PL","og_type":"article","og_title":"Przedmiot i zakres zadania inwestycyjnego - Budowa obwodnicy Milicza DK15","og_description":"Milicz, obwodnica Milicza, obwodnicamilicza, 100obwodnic, DK 15, DW 439, DW 448, spotkanie informacyjne, konsultacje spo\u0142eczne, warianty, przebieg trasy, IVIA, Dolina Baryczy, Kaszowo, Stawiec, K\u0105ty, \u015awi\u0119toszyn, Tomaszk\u00f3w, Mi\u0142ochowice, Koruszka, Wszewilki","og_url":"http:\/\/obwodnicamilicza.pl\/index.php\/przedmiotu-i-zakres-zadania-inwestycyjnego\/","og_site_name":"Budowa obwodnicy Milicza DK15","article_modified_time":"2021-08-24T19:09:18+00:00","twitter_card":"summary_large_image","twitter_misc":{"Szacowany czas czytania":"4 minuty"},"schema":{"@context":"https:\/\/schema.org","@graph":[{"@type":"WebPage","@id":"http:\/\/obwodnicamilicza.pl\/index.php\/przedmiotu-i-zakres-zadania-inwestycyjnego\/","url":"http:\/\/obwodnicamilicza.pl\/index.php\/przedmiotu-i-zakres-zadania-inwestycyjnego\/","name":"Przedmiot i zakres zadania inwestycyjnego - Budowa obwodnicy Milicza DK15","isPartOf":{"@id":"http:\/\/obwodnicamilicza.pl\/#website"},"datePublished":"2020-12-21T23:36:01+00:00","dateModified":"2021-08-24T19:09:18+00:00","description":"Milicz, obwodnica Milicza, obwodnicamilicza, 100obwodnic, DK 15, DW 439, DW 448, spotkanie informacyjne, konsultacje spo\u0142eczne, warianty, przebieg trasy, IVIA, Dolina Baryczy, Kaszowo, Stawiec, K\u0105ty, \u015awi\u0119toszyn, Tomaszk\u00f3w, Mi\u0142ochowice, Koruszka, Wszewilki","breadcrumb":{"@id":"http:\/\/obwodnicamilicza.pl\/index.php\/przedmiotu-i-zakres-zadania-inwestycyjnego\/#breadcrumb"},"inLanguage":"pl-PL","potentialAction":[{"@type":"ReadAction","target":["http:\/\/obwodnicamilicza.pl\/index.php\/przedmiotu-i-zakres-zadania-inwestycyjnego\/"]}]},{"@type":"BreadcrumbList","@id":"http:\/\/obwodnicamilicza.pl\/index.php\/przedmiotu-i-zakres-zadania-inwestycyjnego\/#breadcrumb","itemListElement":[{"@type":"ListItem","position":1,"name":"Strona g\u0142\u00f3wna","item":"http:\/\/obwodnicamilicza.pl\/"},{"@type":"ListItem","position":2,"name":"Przedmiot i zakres zadania inwestycyjnego"}]},{"@type":"WebSite","@id":"http:\/\/obwodnicamilicza.pl\/#website","url":"http:\/\/obwodnicamilicza.pl\/","name":"Budowa obwodnicy Milicza DK15","description":"Budowa obwodnicy Milicza w ci\u0105gu drogi krajowej nr 15","publisher":{"@id":"http:\/\/obwodnicamilicza.pl\/#organization"},"potentialAction":[{"@type":"SearchAction","target":{"@type":"EntryPoint","urlTemplate":"http:\/\/obwodnicamilicza.pl\/?s={search_term_string}"},"query-input":{"@type":"PropertyValueSpecification","valueRequired":true,"valueName":"search_term_string"}}],"inLanguage":"pl-PL"},{"@type":"Organization","@id":"http:\/\/obwodnicamilicza.pl\/#organization","name":"Budowa obwodnicy Milicza DK15","url":"http:\/\/obwodnicamilicza.pl\/","logo":{"@type":"ImageObject","inLanguage":"pl-PL","@id":"http:\/\/obwodnicamilicza.pl\/#\/schema\/logo\/image\/","url":"http:\/\/obwodnicamilicza.pl\/wp-content\/uploads\/2021\/06\/cropped-100_obwodnic_kolor.png","contentUrl":"http:\/\/obwodnicamilicza.pl\/wp-content\/uploads\/2021\/06\/cropped-100_obwodnic_kolor.png","width":290,"height":38,"caption":"Budowa obwodnicy Milicza DK15"},"image":{"@id":"http:\/\/obwodnicamilicza.pl\/#\/schema\/logo\/image\/"}}]}},"_links":{"self":[{"href":"http:\/\/obwodnicamilicza.pl\/index.php\/wp-json\/wp\/v2\/pages\/453","targetHints":{"allow":["GET"]}}],"collection":[{"href":"http:\/\/obwodnicamilicza.pl\/index.php\/wp-json\/wp\/v2\/pages"}],"about":[{"href":"http:\/\/obwodnicamilicza.pl\/index.php\/wp-json\/wp\/v2\/types\/page"}],"author":[{"embeddable":true,"href":"http:\/\/obwodnicamilicza.pl\/index.php\/wp-json\/wp\/v2\/users\/1"}],"replies":[{"embeddable":true,"href":"http:\/\/obwodnicamilicza.pl\/index.php\/wp-json\/wp\/v2\/comments?post=453"}],"version-history":[{"count":1,"href":"http:\/\/obwodnicamilicza.pl\/index.php\/wp-json\/wp\/v2\/pages\/453\/revisions"}],"predecessor-version":[{"id":746,"href":"http:\/\/obwodnicamilicza.pl\/index.php\/wp-json\/wp\/v2\/pages\/453\/revisions\/746"}],"wp:attachment":[{"href":"http:\/\/obwodnicamilicza.pl\/index.php\/wp-json\/wp\/v2\/media?parent=453"}],"curies":[{"name":"wp","href":"https:\/\/api.w.org\/{rel}","templated":true}]}}