{"id":486,"date":"2020-12-22T00:31:43","date_gmt":"2020-12-21T23:31:43","guid":{"rendered":"http:\/\/obwodnicalegnicydk94.pl\/?page_id=486"},"modified":"2022-04-01T08:54:49","modified_gmt":"2022-04-01T06:54:49","slug":"spotkanie-informacyjne","status":"publish","type":"page","link":"http:\/\/obwodnicamilicza.pl\/index.php\/spotkanie-informacyjne\/","title":{"rendered":"Spotkanie informacyjne 21-06-2021"},"content":{"rendered":"\n<p class=\"has-text-align-center\"><mark style=\"background-color:rgba(0, 0, 0, 0)\" class=\"has-inline-color has-vivid-cyan-blue-color\"><strong>21-06-2021 Spotkanie informacyjne<\/strong><\/mark><\/p>\n\n\n\n<p class=\"has-text-align-center\"><strong>Burmistrz Miasta Milicz,<br>Generalna Dyrekcja Dr\u00f3g Krajowych i Autostrad Oddzia\u0142 we Wroc\u0142awiu<br>oraz Biuro Projekt\u00f3w \u201eIVIA\u201d<\/strong><\/p>\n\n\n\n<p class=\"has-text-align-center has-medium-font-size\">zapraszaj\u0105 na spotkanie informacyjne z mieszka\u0144cami<br><\/p>\n\n\n\n<p class=\"has-text-align-center\">w zwi\u0105zku z opracowaniem<\/p>\n\n\n\n<p class=\"has-text-align-center has-medium-font-size\"><br><strong><span class=\"has-inline-color has-vivid-cyan-blue-color\">Studium Techniczno-Ekonomiczno-\u015arodowiskowego<br>dla przedsi\u0119wzi\u0119cia pod nazw\u0105:<br>\u201eBUDOWA OBWODNICY MILICZA<br>W CI\u0104GU DROGI KRAJOWEJ NR 15\u201d<\/span><\/strong><br><\/p>\n\n\n\n<p class=\"has-text-align-center\">Spotkanie* odb\u0119dzie si\u0119 w:<span style=\"text-decoration: underline;\"><br><\/span><strong>auli I Liceum Og\u00f3lnokszta\u0142c\u0105cego w Miliczu przy ulicy 11 listopada 5<br>21.06.2021 (poniedzia\u0142ek) od godz. 16:00<\/strong><\/p>\n\n\n\n<p class=\"has-text-align-center\"><br>Materia\u0142y dotycz\u0105ce proponowanych wariant\u00f3w przebiegu trasy projektowanej obwodnicy Milicza<br>w wersji papierowej udost\u0119pnione b\u0119d\u0105 pod adresem:<br><strong>Urz\u0105d Miasta <\/strong>i <strong>Gminy Milicz<\/strong>, ul. Trzebnicka 2, 56-300 Milicz<br>a tak\u017ce w wersji elektronicznej na stronach internetowych:<mark style=\"background-color:rgba(0, 0, 0, 0)\" class=\"has-inline-color has-vivid-cyan-blue-color\"> <\/mark><a data-type=\"URL\" data-id=\"www.milicz.pl\" href=\"http:\/\/www.milicz.pl\"><strong><mark style=\"background-color:rgba(0, 0, 0, 0)\" class=\"has-inline-color has-vivid-cyan-blue-color\">milicz.pl<\/mark><\/strong><\/a> oraz <strong><mark style=\"background-color:rgba(0, 0, 0, 0)\" class=\"has-inline-color has-vivid-cyan-blue-color\"><a data-type=\"URL\" data-id=\"http:\/\/www.obwodnicamilicza.pl\/do-pobrania\" href=\"http:\/\/www.obwodnicamilicza.pl\/do-pobrania\">obwodnicamilicza.pl<\/a><\/mark><\/strong><br>Podczas spotka\u0144 b\u0119dzie mo\u017cliwo\u015b\u0107 zadawania pyta\u0144 na temat przebiegu wariant\u00f3w obwodnicy, a tak\u017ce zg\u0142aszania uwag mieszka\u0144c\u00f3w za<br>pomoc\u0105 formularzy, kt\u00f3re mo\u017cna pobra\u0107 na wy\u017cej ww. stronach. Podpisane formularze mo\u017cna z\u0142o\u017cy\u0107 podczas spotka\u0144 lub przes\u0142a\u0107<br>do dnia <mark style=\"background-color:rgba(0, 0, 0, 0)\" class=\"has-inline-color has-black-color\"><strong>30.06.2021 na adres: IVIA S.A. ul. Ro\u017adzie\u0144skiego 91, 40-203 Katowice lub adres email: <\/strong><\/mark><strong><span style=\"text-decoration: underline;\"><mark style=\"background-color:rgba(0, 0, 0, 0)\" class=\"has-inline-color has-vivid-cyan-blue-color\">wnioski_milicz@ivia.pl<\/mark><\/span><\/strong><\/p>\n\n\n                <div id=\"eov69e7be2cf04c3\" class=\"eov_doc\">\r\n                    <iframe loading=\"lazy\" src=\"https:\/\/view.officeapps.live.com\/op\/embed.aspx?src=http:\/\/obwodnicamilicza.pl\/wp-content\/uploads\/2021\/06\/Kopia-2021.06.21-Obwodnica-Milicza-Spotkanie-informacyjne.pptx\" width=\"640px\" height=\"900px\" frameborder=\"0\"><\/iframe>\r\n                <\/div>\r\n    \n\n\n\n<div class=\"wp-block-image\"><figure class=\"aligncenter\"><a href=\"http:\/\/obwodnicamilicza.pl\/wp-content\/uploads\/2021\/06\/plakat_Milicz-A3.pdf\"><img loading=\"lazy\" decoding=\"async\" width=\"2560\" height=\"1810\" src=\"http:\/\/obwodnicamilicza.pl\/wp-content\/uploads\/2021\/06\/warianty-scaled.jpg\" alt=\"Warianty Przebiegu Drogi\" class=\"wp-image-784\" srcset=\"http:\/\/obwodnicamilicza.pl\/wp-content\/uploads\/2021\/06\/warianty-scaled.jpg 2560w, http:\/\/obwodnicamilicza.pl\/wp-content\/uploads\/2021\/06\/warianty-300x212.jpg 300w, http:\/\/obwodnicamilicza.pl\/wp-content\/uploads\/2021\/06\/warianty-1024x724.jpg 1024w, http:\/\/obwodnicamilicza.pl\/wp-content\/uploads\/2021\/06\/warianty-768x543.jpg 768w, http:\/\/obwodnicamilicza.pl\/wp-content\/uploads\/2021\/06\/warianty-1536x1086.jpg 1536w, http:\/\/obwodnicamilicza.pl\/wp-content\/uploads\/2021\/06\/warianty-2048x1448.jpg 2048w, http:\/\/obwodnicamilicza.pl\/wp-content\/uploads\/2021\/06\/warianty-340x240.jpg 340w\" sizes=\"auto, (max-width: 2560px) 100vw, 2560px\" \/><\/a><\/figure><\/div>\n\n\n\n<h2 class=\"wp-block-heading\" id=\"vars\"><\/h2>\n\n\n\n<table id=\"tablepress-9\" class=\"tablepress tablepress-id-9 tablepress-responsive\">\n<tbody>\n<tr class=\"row-1\">\n\t<td class=\"column-1\"><a href=\"#w1\" rel=\"noopener\" target=\"_blank\">Wariant 1<\/a><\/td><td class=\"column-2\"><a href=\"#w2\" rel=\"noopener\" target=\"_blank\">Wariant 2<\/a><\/td><td class=\"column-3\"><a href=\"#w3\" rel=\"noopener\" target=\"_blank\">Wariant 3<\/a><\/td><td class=\"column-4\"><a href=\"#w4\" rel=\"noopener\" target=\"_blank\">Wariant 4<\/a><\/td>\n<\/tr>\n<\/tbody>\n<\/table>\n<!-- #tablepress-9 from cache -->\n\n\n\n<h4 class=\"has-text-align-center wp-block-heading\" id=\"w1\">Wariant I<\/h4>\n\n\n\n<figure id=\"w1\" class=\"wp-block-video\"><video height=\"900\" style=\"aspect-ratio: 1600 \/ 900;\" width=\"1600\" controls src=\"http:\/\/obwodnicamilicza.pl\/wp-content\/uploads\/2021\/06\/Mat.-na-spotkanie-2021.06.21-obwodnica-Milicza-wariant-1.mp4\"><\/video><\/figure>\n\n\n\n<div class=\"wp-block-buttons is-content-justification-right is-layout-flex wp-container-core-buttons-is-layout-765c4724 wp-block-buttons-is-layout-flex\">\n<div class=\"wp-block-button has-custom-font-size is-style-fill\" style=\"font-size:15px\"><a class=\"wp-block-button__link has-white-color has-luminous-vivid-orange-background-color has-text-color has-background\" href=\"#vars\" style=\"border-radius:100px\">\u21d1<\/a><\/div>\n<\/div>\n\n\n\n<h4 class=\"has-text-align-center wp-block-heading\" id=\"w2\">Wariant II<\/h4>\n\n\n\n<figure id=\"w2\" class=\"wp-block-video\"><video height=\"900\" style=\"aspect-ratio: 1600 \/ 900;\" width=\"1600\" controls src=\"http:\/\/obwodnicamilicza.pl\/wp-content\/uploads\/2021\/06\/Mat.-na-spotkanie-2021.06.21-obwodnica-Milicza-wariant-2.mp4\"><\/video><\/figure>\n\n\n\n<div class=\"wp-block-buttons is-content-justification-right is-layout-flex wp-container-core-buttons-is-layout-765c4724 wp-block-buttons-is-layout-flex\">\n<div class=\"wp-block-button has-custom-font-size is-style-fill\" style=\"font-size:15px\"><a class=\"wp-block-button__link has-white-color has-luminous-vivid-orange-background-color has-text-color has-background\" href=\"#vars\" style=\"border-radius:100px\">\u21d1<\/a><\/div>\n<\/div>\n\n\n\n<div class=\"wp-block-buttons is-layout-flex wp-block-buttons-is-layout-flex\"><\/div>\n\n\n\n<h4 class=\"has-text-align-center wp-block-heading\" id=\"w3\">Wariant III<\/h4>\n\n\n\n<figure id=\"w3\" class=\"wp-block-video\"><video height=\"900\" style=\"aspect-ratio: 1600 \/ 900;\" width=\"1600\" controls src=\"http:\/\/obwodnicamilicza.pl\/wp-content\/uploads\/2021\/06\/Mat.-na-spotkanie-2021.06.21-obwodnica-Milicza-wariant-3.mp4\"><\/video><\/figure>\n\n\n\n<div class=\"wp-block-buttons is-content-justification-right is-layout-flex wp-container-core-buttons-is-layout-765c4724 wp-block-buttons-is-layout-flex\">\n<div class=\"wp-block-button has-custom-font-size is-style-fill\" style=\"font-size:15px\"><a class=\"wp-block-button__link has-white-color has-luminous-vivid-orange-background-color has-text-color has-background\" href=\"#vars\" style=\"border-radius:100px\">\u21d1<\/a><\/div>\n<\/div>\n\n\n\n<h4 class=\"has-text-align-center wp-block-heading\" id=\"w4\">Wariant IV<\/h4>\n\n\n\n<figure id=\"w4\" class=\"wp-block-video\"><video height=\"900\" style=\"aspect-ratio: 1600 \/ 900;\" width=\"1600\" controls src=\"http:\/\/obwodnicamilicza.pl\/wp-content\/uploads\/2021\/06\/Mat.-na-spotkanie-2021.06.21-obwodnica-Milicza-wariant-4.mp4\"><\/video><\/figure>\n\n\n\n<div class=\"wp-block-buttons is-content-justification-right is-layout-flex wp-container-core-buttons-is-layout-765c4724 wp-block-buttons-is-layout-flex\">\n<div class=\"wp-block-button has-custom-font-size is-style-fill\" style=\"font-size:15px\"><a class=\"wp-block-button__link has-white-color has-luminous-vivid-orange-background-color has-text-color has-background\" href=\"#vars\" style=\"border-radius:100px\">\u21d1<\/a><\/div>\n<\/div>\n","protected":false},"excerpt":{"rendered":"<p>21-06-2021 Spotkanie informacyjne Burmistrz Miasta Milicz,Generalna Dyrekcja Dr\u00f3g Krajowych i Autostrad Oddzia\u0142 we Wroc\u0142awiuoraz Biuro Projekt\u00f3w \u201eIVIA\u201d zapraszaj\u0105 na spotkanie informacyjne z mieszka\u0144cami w zwi\u0105zku z opracowaniem Studium Techniczno-Ekonomiczno-\u015arodowiskowegodla przedsi\u0119wzi\u0119cia pod nazw\u0105:\u201eBUDOWA OBWODNICY MILICZAW CI\u0104GU DROGI KRAJOWEJ NR 15\u201d Spotkanie* odb\u0119dzie si\u0119 w:auli I Liceum Og\u00f3lnokszta\u0142c\u0105cego w Miliczu przy ulicy 11 listopada 521.06.2021 (poniedzia\u0142ek) od godz. 16:00 Materia\u0142y dotycz\u0105ce proponowanych wariant\u00f3w przebiegu trasy projektowanej obwodnicy Miliczaw wersji papierowej udost\u0119pnione b\u0119d\u0105&hellip;<\/p>\n","protected":false},"author":1,"featured_media":0,"parent":0,"menu_order":0,"comment_status":"closed","ping_status":"closed","template":"","meta":{"footnotes":""},"class_list":["post-486","page","type-page","status-publish","hentry"],"yoast_head":"<!-- This site is optimized with the Yoast SEO plugin v27.4 - https:\/\/yoast.com\/product\/yoast-seo-wordpress\/ -->\n<title>Spotkanie informacyjne 21-06-2021 - Budowa obwodnicy Milicza DK15<\/title>\n<meta name=\"description\" content=\"Milicz, obwodnica Milicza, obwodnicamilicza, 100obwodnic, DK 15, DW 439, DW 448, spotkanie informacyjne, konsultacje spo\u0142eczne, warianty, przebieg trasy, IVIA, Dolina Baryczy, Kaszowo, Stawiec, K\u0105ty, \u015awi\u0119toszyn, Tomaszk\u00f3w, Mi\u0142ochowice, Koruszka, Wszewilki\" \/>\n<meta name=\"robots\" content=\"index, follow, max-snippet:-1, max-image-preview:large, max-video-preview:-1\" \/>\n<link rel=\"canonical\" href=\"http:\/\/obwodnicamilicza.pl\/index.php\/spotkanie-informacyjne\/\" \/>\n<meta property=\"og:locale\" content=\"pl_PL\" \/>\n<meta property=\"og:type\" content=\"article\" \/>\n<meta property=\"og:title\" content=\"Spotkanie informacyjne 21-06-2021 - Budowa obwodnicy Milicza DK15\" \/>\n<meta property=\"og:description\" content=\"Milicz, obwodnica Milicza, obwodnicamilicza, 100obwodnic, DK 15, DW 439, DW 448, spotkanie informacyjne, konsultacje spo\u0142eczne, warianty, przebieg trasy, IVIA, Dolina Baryczy, Kaszowo, Stawiec, K\u0105ty, \u015awi\u0119toszyn, Tomaszk\u00f3w, Mi\u0142ochowice, Koruszka, Wszewilki\" \/>\n<meta property=\"og:url\" content=\"http:\/\/obwodnicamilicza.pl\/index.php\/spotkanie-informacyjne\/\" \/>\n<meta property=\"og:site_name\" content=\"Budowa obwodnicy Milicza DK15\" \/>\n<meta property=\"article:modified_time\" content=\"2022-04-01T06:54:49+00:00\" \/>\n<meta property=\"og:image\" content=\"http:\/\/obwodnicamilicza.pl\/wp-content\/uploads\/2021\/06\/warianty-scaled.jpg\" \/>\n<meta name=\"twitter:card\" content=\"summary_large_image\" \/>\n<meta name=\"twitter:label1\" content=\"Szacowany czas czytania\" \/>\n\t<meta name=\"twitter:data1\" content=\"2 minuty\" \/>\n<script type=\"application\/ld+json\" class=\"yoast-schema-graph\">{\"@context\":\"https:\\\/\\\/schema.org\",\"@graph\":[{\"@type\":\"WebPage\",\"@id\":\"http:\\\/\\\/obwodnicamilicza.pl\\\/index.php\\\/spotkanie-informacyjne\\\/\",\"url\":\"http:\\\/\\\/obwodnicamilicza.pl\\\/index.php\\\/spotkanie-informacyjne\\\/\",\"name\":\"Spotkanie informacyjne 21-06-2021 - Budowa obwodnicy Milicza DK15\",\"isPartOf\":{\"@id\":\"http:\\\/\\\/obwodnicamilicza.pl\\\/#website\"},\"primaryImageOfPage\":{\"@id\":\"http:\\\/\\\/obwodnicamilicza.pl\\\/index.php\\\/spotkanie-informacyjne\\\/#primaryimage\"},\"image\":{\"@id\":\"http:\\\/\\\/obwodnicamilicza.pl\\\/index.php\\\/spotkanie-informacyjne\\\/#primaryimage\"},\"thumbnailUrl\":\"http:\\\/\\\/obwodnicamilicza.pl\\\/wp-content\\\/uploads\\\/2021\\\/06\\\/warianty-scaled.jpg\",\"datePublished\":\"2020-12-21T23:31:43+00:00\",\"dateModified\":\"2022-04-01T06:54:49+00:00\",\"description\":\"Milicz, obwodnica Milicza, obwodnicamilicza, 100obwodnic, DK 15, DW 439, DW 448, spotkanie informacyjne, konsultacje spo\u0142eczne, warianty, przebieg trasy, IVIA, Dolina Baryczy, Kaszowo, Stawiec, K\u0105ty, \u015awi\u0119toszyn, Tomaszk\u00f3w, Mi\u0142ochowice, Koruszka, Wszewilki\",\"breadcrumb\":{\"@id\":\"http:\\\/\\\/obwodnicamilicza.pl\\\/index.php\\\/spotkanie-informacyjne\\\/#breadcrumb\"},\"inLanguage\":\"pl-PL\",\"potentialAction\":[{\"@type\":\"ReadAction\",\"target\":[\"http:\\\/\\\/obwodnicamilicza.pl\\\/index.php\\\/spotkanie-informacyjne\\\/\"]}]},{\"@type\":\"ImageObject\",\"inLanguage\":\"pl-PL\",\"@id\":\"http:\\\/\\\/obwodnicamilicza.pl\\\/index.php\\\/spotkanie-informacyjne\\\/#primaryimage\",\"url\":\"http:\\\/\\\/obwodnicamilicza.pl\\\/wp-content\\\/uploads\\\/2021\\\/06\\\/warianty-scaled.jpg\",\"contentUrl\":\"http:\\\/\\\/obwodnicamilicza.pl\\\/wp-content\\\/uploads\\\/2021\\\/06\\\/warianty-scaled.jpg\",\"width\":2560,\"height\":1810},{\"@type\":\"BreadcrumbList\",\"@id\":\"http:\\\/\\\/obwodnicamilicza.pl\\\/index.php\\\/spotkanie-informacyjne\\\/#breadcrumb\",\"itemListElement\":[{\"@type\":\"ListItem\",\"position\":1,\"name\":\"Strona g\u0142\u00f3wna\",\"item\":\"http:\\\/\\\/obwodnicamilicza.pl\\\/\"},{\"@type\":\"ListItem\",\"position\":2,\"name\":\"Spotkanie informacyjne 21-06-2021\"}]},{\"@type\":\"WebSite\",\"@id\":\"http:\\\/\\\/obwodnicamilicza.pl\\\/#website\",\"url\":\"http:\\\/\\\/obwodnicamilicza.pl\\\/\",\"name\":\"Budowa obwodnicy Milicza DK15\",\"description\":\"Budowa obwodnicy Milicza w ci\u0105gu drogi krajowej nr 15\",\"publisher\":{\"@id\":\"http:\\\/\\\/obwodnicamilicza.pl\\\/#organization\"},\"potentialAction\":[{\"@type\":\"SearchAction\",\"target\":{\"@type\":\"EntryPoint\",\"urlTemplate\":\"http:\\\/\\\/obwodnicamilicza.pl\\\/?s={search_term_string}\"},\"query-input\":{\"@type\":\"PropertyValueSpecification\",\"valueRequired\":true,\"valueName\":\"search_term_string\"}}],\"inLanguage\":\"pl-PL\"},{\"@type\":\"Organization\",\"@id\":\"http:\\\/\\\/obwodnicamilicza.pl\\\/#organization\",\"name\":\"Budowa obwodnicy Milicza DK15\",\"url\":\"http:\\\/\\\/obwodnicamilicza.pl\\\/\",\"logo\":{\"@type\":\"ImageObject\",\"inLanguage\":\"pl-PL\",\"@id\":\"http:\\\/\\\/obwodnicamilicza.pl\\\/#\\\/schema\\\/logo\\\/image\\\/\",\"url\":\"http:\\\/\\\/obwodnicamilicza.pl\\\/wp-content\\\/uploads\\\/2021\\\/06\\\/cropped-100_obwodnic_kolor.png\",\"contentUrl\":\"http:\\\/\\\/obwodnicamilicza.pl\\\/wp-content\\\/uploads\\\/2021\\\/06\\\/cropped-100_obwodnic_kolor.png\",\"width\":290,\"height\":38,\"caption\":\"Budowa obwodnicy Milicza DK15\"},\"image\":{\"@id\":\"http:\\\/\\\/obwodnicamilicza.pl\\\/#\\\/schema\\\/logo\\\/image\\\/\"}}]}<\/script>\n<!-- \/ Yoast SEO plugin. -->","yoast_head_json":{"title":"Spotkanie informacyjne 21-06-2021 - Budowa obwodnicy Milicza DK15","description":"Milicz, obwodnica Milicza, obwodnicamilicza, 100obwodnic, DK 15, DW 439, DW 448, spotkanie informacyjne, konsultacje spo\u0142eczne, warianty, przebieg trasy, IVIA, Dolina Baryczy, Kaszowo, Stawiec, K\u0105ty, \u015awi\u0119toszyn, Tomaszk\u00f3w, Mi\u0142ochowice, Koruszka, Wszewilki","robots":{"index":"index","follow":"follow","max-snippet":"max-snippet:-1","max-image-preview":"max-image-preview:large","max-video-preview":"max-video-preview:-1"},"canonical":"http:\/\/obwodnicamilicza.pl\/index.php\/spotkanie-informacyjne\/","og_locale":"pl_PL","og_type":"article","og_title":"Spotkanie informacyjne 21-06-2021 - Budowa obwodnicy Milicza DK15","og_description":"Milicz, obwodnica Milicza, obwodnicamilicza, 100obwodnic, DK 15, DW 439, DW 448, spotkanie informacyjne, konsultacje spo\u0142eczne, warianty, przebieg trasy, IVIA, Dolina Baryczy, Kaszowo, Stawiec, K\u0105ty, \u015awi\u0119toszyn, Tomaszk\u00f3w, Mi\u0142ochowice, Koruszka, Wszewilki","og_url":"http:\/\/obwodnicamilicza.pl\/index.php\/spotkanie-informacyjne\/","og_site_name":"Budowa obwodnicy Milicza DK15","article_modified_time":"2022-04-01T06:54:49+00:00","og_image":[{"url":"http:\/\/obwodnicamilicza.pl\/wp-content\/uploads\/2021\/06\/warianty-scaled.jpg","type":"","width":"","height":""}],"twitter_card":"summary_large_image","twitter_misc":{"Szacowany czas czytania":"2 minuty"},"schema":{"@context":"https:\/\/schema.org","@graph":[{"@type":"WebPage","@id":"http:\/\/obwodnicamilicza.pl\/index.php\/spotkanie-informacyjne\/","url":"http:\/\/obwodnicamilicza.pl\/index.php\/spotkanie-informacyjne\/","name":"Spotkanie informacyjne 21-06-2021 - Budowa obwodnicy Milicza DK15","isPartOf":{"@id":"http:\/\/obwodnicamilicza.pl\/#website"},"primaryImageOfPage":{"@id":"http:\/\/obwodnicamilicza.pl\/index.php\/spotkanie-informacyjne\/#primaryimage"},"image":{"@id":"http:\/\/obwodnicamilicza.pl\/index.php\/spotkanie-informacyjne\/#primaryimage"},"thumbnailUrl":"http:\/\/obwodnicamilicza.pl\/wp-content\/uploads\/2021\/06\/warianty-scaled.jpg","datePublished":"2020-12-21T23:31:43+00:00","dateModified":"2022-04-01T06:54:49+00:00","description":"Milicz, obwodnica Milicza, obwodnicamilicza, 100obwodnic, DK 15, DW 439, DW 448, spotkanie informacyjne, konsultacje spo\u0142eczne, warianty, przebieg trasy, IVIA, Dolina Baryczy, Kaszowo, Stawiec, K\u0105ty, \u015awi\u0119toszyn, Tomaszk\u00f3w, Mi\u0142ochowice, Koruszka, Wszewilki","breadcrumb":{"@id":"http:\/\/obwodnicamilicza.pl\/index.php\/spotkanie-informacyjne\/#breadcrumb"},"inLanguage":"pl-PL","potentialAction":[{"@type":"ReadAction","target":["http:\/\/obwodnicamilicza.pl\/index.php\/spotkanie-informacyjne\/"]}]},{"@type":"ImageObject","inLanguage":"pl-PL","@id":"http:\/\/obwodnicamilicza.pl\/index.php\/spotkanie-informacyjne\/#primaryimage","url":"http:\/\/obwodnicamilicza.pl\/wp-content\/uploads\/2021\/06\/warianty-scaled.jpg","contentUrl":"http:\/\/obwodnicamilicza.pl\/wp-content\/uploads\/2021\/06\/warianty-scaled.jpg","width":2560,"height":1810},{"@type":"BreadcrumbList","@id":"http:\/\/obwodnicamilicza.pl\/index.php\/spotkanie-informacyjne\/#breadcrumb","itemListElement":[{"@type":"ListItem","position":1,"name":"Strona g\u0142\u00f3wna","item":"http:\/\/obwodnicamilicza.pl\/"},{"@type":"ListItem","position":2,"name":"Spotkanie informacyjne 21-06-2021"}]},{"@type":"WebSite","@id":"http:\/\/obwodnicamilicza.pl\/#website","url":"http:\/\/obwodnicamilicza.pl\/","name":"Budowa obwodnicy Milicza DK15","description":"Budowa obwodnicy Milicza w ci\u0105gu drogi krajowej nr 15","publisher":{"@id":"http:\/\/obwodnicamilicza.pl\/#organization"},"potentialAction":[{"@type":"SearchAction","target":{"@type":"EntryPoint","urlTemplate":"http:\/\/obwodnicamilicza.pl\/?s={search_term_string}"},"query-input":{"@type":"PropertyValueSpecification","valueRequired":true,"valueName":"search_term_string"}}],"inLanguage":"pl-PL"},{"@type":"Organization","@id":"http:\/\/obwodnicamilicza.pl\/#organization","name":"Budowa obwodnicy Milicza DK15","url":"http:\/\/obwodnicamilicza.pl\/","logo":{"@type":"ImageObject","inLanguage":"pl-PL","@id":"http:\/\/obwodnicamilicza.pl\/#\/schema\/logo\/image\/","url":"http:\/\/obwodnicamilicza.pl\/wp-content\/uploads\/2021\/06\/cropped-100_obwodnic_kolor.png","contentUrl":"http:\/\/obwodnicamilicza.pl\/wp-content\/uploads\/2021\/06\/cropped-100_obwodnic_kolor.png","width":290,"height":38,"caption":"Budowa obwodnicy Milicza DK15"},"image":{"@id":"http:\/\/obwodnicamilicza.pl\/#\/schema\/logo\/image\/"}}]}},"_links":{"self":[{"href":"http:\/\/obwodnicamilicza.pl\/index.php\/wp-json\/wp\/v2\/pages\/486","targetHints":{"allow":["GET"]}}],"collection":[{"href":"http:\/\/obwodnicamilicza.pl\/index.php\/wp-json\/wp\/v2\/pages"}],"about":[{"href":"http:\/\/obwodnicamilicza.pl\/index.php\/wp-json\/wp\/v2\/types\/page"}],"author":[{"embeddable":true,"href":"http:\/\/obwodnicamilicza.pl\/index.php\/wp-json\/wp\/v2\/users\/1"}],"replies":[{"embeddable":true,"href":"http:\/\/obwodnicamilicza.pl\/index.php\/wp-json\/wp\/v2\/comments?post=486"}],"version-history":[{"count":26,"href":"http:\/\/obwodnicamilicza.pl\/index.php\/wp-json\/wp\/v2\/pages\/486\/revisions"}],"predecessor-version":[{"id":1238,"href":"http:\/\/obwodnicamilicza.pl\/index.php\/wp-json\/wp\/v2\/pages\/486\/revisions\/1238"}],"wp:attachment":[{"href":"http:\/\/obwodnicamilicza.pl\/index.php\/wp-json\/wp\/v2\/media?parent=486"}],"curies":[{"name":"wp","href":"https:\/\/api.w.org\/{rel}","templated":true}]}}