{"id":869,"date":"2021-06-27T10:53:07","date_gmt":"2021-06-27T08:53:07","guid":{"rendered":"http:\/\/obwodnicamilicza.pl\/?page_id=869"},"modified":"2025-02-03T21:26:31","modified_gmt":"2025-02-03T20:26:31","slug":"kontakt","status":"publish","type":"page","link":"http:\/\/obwodnicamilicza.pl\/index.php\/kontakt\/","title":{"rendered":"Kontakt"},"content":{"rendered":"\n<section id=\"gm8adba41\" class=\"wp-block-gutentor-m4 section-gm8adba41 gutentor-module gutentor-advanced-columns\"><div class=\"grid-container\"><div class=\"grid-row\">\n<div id=\"col-gmc8fa0d\" class=\"wp-block-gutentor-m4-col col-gmc8fa0d gutentor-single-column  grid-lg-3 grid-md-12 grid-12\"><div id=\"section-gmc8fa0d\" class=\"section-gmc8fa0d gutentor-col-wrap\">\n<h2 class=\"wp-block-heading\"><strong>Zamawiaj\u0105cy<\/strong><\/h2>\n\n\n\n<p><\/p>\n<\/div><\/div>\n\n\n\n<div id=\"col-gmb42e1b\" class=\"wp-block-gutentor-m4-col col-gmb42e1b gutentor-single-column  grid-lg-9 grid-md-12 grid-12\"><div id=\"section-gmb42e1b\" class=\"section-gmb42e1b gutentor-col-wrap\">\n<p><\/p>\n<\/div><\/div>\n<\/div><\/div><\/section>\n\n\n\n<section id=\"gm747aa77\" class=\"wp-block-gutentor-m4 section-gm747aa77 gutentor-module gutentor-advanced-columns\"><div class=\"grid-container\"><div class=\"grid-row\">\n<div id=\"col-gmc628ea\" class=\"wp-block-gutentor-m4-col col-gmc628ea gutentor-single-column  grid-lg-4 grid-md-12 grid-12\"><div id=\"section-gmc628ea\" class=\"section-gmc628ea gutentor-col-wrap\">\n<h2 class=\"wp-block-heading\"><img loading=\"lazy\" decoding=\"async\" width=\"434\" height=\"222\" class=\"wp-image-1022\" style=\"width: 300px\" src=\"http:\/\/obwodnicamilicza.pl\/wp-content\/uploads\/2021\/06\/GDDKiA_Wroclaw.png\" alt=\"\" srcset=\"http:\/\/obwodnicamilicza.pl\/wp-content\/uploads\/2021\/06\/GDDKiA_Wroclaw.png 434w, http:\/\/obwodnicamilicza.pl\/wp-content\/uploads\/2021\/06\/GDDKiA_Wroclaw-300x153.png 300w\" sizes=\"auto, (max-width: 434px) 100vw, 434px\" \/><\/h2>\n<\/div><\/div>\n\n\n\n<div id=\"col-gmd3a49c\" class=\"wp-block-gutentor-m4-col col-gmd3a49c gutentor-single-column  grid-lg-4 grid-md-12 grid-12\"><div id=\"section-gmd3a49c\" class=\"section-gmd3a49c gutentor-col-wrap\">\n<p class=\"has-medium-font-size\"><strong><strong>Skarb Pa\u0144stwa<br>Generalny Dyrektor Dr\u00f3g Krajowych i Autostrad<br>Oddzia\u0142 we Wroc\u0142awiu<\/strong><\/strong><\/p>\n\n\n\n<p><br>ul. Wronia 53<br>00 &#8211; 874 Warszawa<br>tel. +48 22 375 88 88<br>strona internetowa: <a href=\"http:\/\/www.gddkia.gov.pl\"><span style=\"color:#ef7900\" class=\"has-inline-color\">gddkia.gov.pl<\/span><\/a><\/p>\n<\/div><\/div>\n\n\n\n<div id=\"col-gm63e91b\" class=\"wp-block-gutentor-m4-col col-gm63e91b gutentor-single-column  grid-lg-4 grid-md-12 grid-12\"><div id=\"section-gm63e91b\" class=\"section-gm63e91b gutentor-col-wrap\">\n<p><strong>Kontakt dla medi\u00f3w<\/strong><\/p>\n\n\n\n<p><strong>Magdalena Szumiata<\/strong><br>Stanowisko ds. komunikacji spo\u0142ecznej<br>tel. (71) 334 73 14<br>e-mail: mszumiata@gddkia.gov.pl<\/p>\n\n\n\n<p><\/p>\n<\/div><\/div>\n<\/div><\/div><\/section>\n\n\n\n<section id=\"gma57e792\" class=\"wp-block-gutentor-m4 section-gma57e792 gutentor-module gutentor-advanced-columns\"><div class=\"grid-container\"><div class=\"grid-row\">\n<div id=\"col-gm04ef0b\" class=\"wp-block-gutentor-m4-col col-gm04ef0b gutentor-single-column  grid-lg-3 grid-md-12 grid-12\"><div id=\"section-gm04ef0b\" class=\"section-gm04ef0b gutentor-col-wrap\">\n<h2 class=\"wp-block-heading\">Wykonawca<\/h2>\n\n\n\n<p><\/p>\n<\/div><\/div>\n\n\n\n<div id=\"col-gmee266c\" class=\"wp-block-gutentor-m4-col col-gmee266c gutentor-single-column  grid-lg-9 grid-md-12 grid-12\"><div id=\"section-gmee266c\" class=\"section-gmee266c gutentor-col-wrap\">\n<p><\/p>\n<\/div><\/div>\n<\/div><\/div><\/section>\n\n\n\n<section id=\"gmf160330\" class=\"wp-block-gutentor-m4 section-gmf160330 gutentor-module gutentor-advanced-columns\"><div class=\"grid-container\"><div class=\"grid-row\">\n<div id=\"col-gmaff4bc\" class=\"wp-block-gutentor-m4-col col-gmaff4bc gutentor-single-column  grid-lg-3 grid-md-12 grid-12\"><div id=\"section-gmaff4bc\" class=\"section-gmaff4bc gutentor-col-wrap\">\n<h2 class=\"wp-block-heading\"><img loading=\"lazy\" decoding=\"async\" width=\"5828\" height=\"2555\" class=\"wp-image-520\" style=\"width: 300px\" src=\"http:\/\/obwodnicamilicza.pl\/wp-content\/uploads\/2021\/03\/logo.png\" alt=\"\" srcset=\"http:\/\/obwodnicamilicza.pl\/wp-content\/uploads\/2021\/03\/logo.png 5828w, http:\/\/obwodnicamilicza.pl\/wp-content\/uploads\/2021\/03\/logo-300x132.png 300w, http:\/\/obwodnicamilicza.pl\/wp-content\/uploads\/2021\/03\/logo-1024x449.png 1024w, http:\/\/obwodnicamilicza.pl\/wp-content\/uploads\/2021\/03\/logo-768x337.png 768w, http:\/\/obwodnicamilicza.pl\/wp-content\/uploads\/2021\/03\/logo-1536x673.png 1536w, http:\/\/obwodnicamilicza.pl\/wp-content\/uploads\/2021\/03\/logo-2048x898.png 2048w\" sizes=\"auto, (max-width: 5828px) 100vw, 5828px\" \/><\/h2>\n<\/div><\/div>\n\n\n\n<div id=\"col-gm308a64\" class=\"wp-block-gutentor-m4-col col-gm308a64 gutentor-single-column  grid-lg-9 grid-md-12 grid-12\"><div id=\"section-gm308a64\" class=\"section-gm308a64 gutentor-col-wrap\">\n<p><strong>IVIA SP. Z O. O.<\/strong><br>Siedziba sp\u00f3\u0142ki w Katowicach<br>Al. W. Ro\u017adzie\u0144skiego 91<br>40-203 Katowice<br>strona internetowa: <a href=\"http:\/\/www.ivia.pl\"><span style=\"color:#ef7900\" class=\"has-inline-color\">ivia.pl<\/span><\/a><\/p>\n<\/div><\/div>\n<\/div><\/div><\/section>\n\n\n\n<section id=\"gmb4890db\" class=\"wp-block-gutentor-m4 section-gmb4890db gutentor-module gutentor-advanced-columns\"><div class=\"grid-container\"><div class=\"grid-row\">\n<div id=\"col-gm8a5874\" class=\"wp-block-gutentor-m4-col col-gm8a5874 gutentor-single-column  grid-lg-3 grid-md-12 grid-12\"><div id=\"section-gm8a5874\" class=\"section-gm8a5874 gutentor-col-wrap\">\n<h2 class=\"wp-block-heading\">Instytucje zaanga\u017cowane w realizacj\u0119 projektu<\/h2>\n\n\n\n<p><\/p>\n<\/div><\/div>\n\n\n\n<div id=\"col-gm535b62\" class=\"wp-block-gutentor-m4-col col-gm535b62 gutentor-single-column  grid-lg-9 grid-md-12 grid-12\"><div id=\"section-gm535b62\" class=\"section-gm535b62 gutentor-col-wrap\">\n<p><\/p>\n<\/div><\/div>\n<\/div><\/div><\/section>\n\n\n\n<section id=\"gm1c8fb5a\" class=\"wp-block-gutentor-m4 section-gm1c8fb5a gutentor-module gutentor-advanced-columns\"><div class=\"grid-container\"><div class=\"grid-row\">\n<div id=\"col-gm191469\" class=\"wp-block-gutentor-m4-col col-gm191469 gutentor-single-column  grid-lg-3 grid-md-12 grid-12\"><div id=\"section-gm191469\" class=\"section-gm191469 gutentor-col-wrap\">\n<h2 class=\"wp-block-heading\"><img loading=\"lazy\" decoding=\"async\" width=\"1307\" height=\"327\" class=\"wp-image-883\" style=\"width: 300px\" src=\"http:\/\/obwodnicamilicza.pl\/wp-content\/uploads\/2021\/06\/LogotypMIpion.jpg\" alt=\"\" srcset=\"http:\/\/obwodnicamilicza.pl\/wp-content\/uploads\/2021\/06\/LogotypMIpion.jpg 1307w, http:\/\/obwodnicamilicza.pl\/wp-content\/uploads\/2021\/06\/LogotypMIpion-300x75.jpg 300w, http:\/\/obwodnicamilicza.pl\/wp-content\/uploads\/2021\/06\/LogotypMIpion-1024x256.jpg 1024w, http:\/\/obwodnicamilicza.pl\/wp-content\/uploads\/2021\/06\/LogotypMIpion-768x192.jpg 768w\" sizes=\"auto, (max-width: 1307px) 100vw, 1307px\" \/><\/h2>\n<\/div><\/div>\n\n\n\n<div id=\"col-gmc4e502\" class=\"wp-block-gutentor-m4-col col-gmc4e502 gutentor-single-column  grid-lg-9 grid-md-12 grid-12\"><div id=\"section-gmc4e502\" class=\"section-gmc4e502 gutentor-col-wrap\">\n<p><strong>Ministerstwo Infrastruktury<\/strong><br>ul. Cha\u0142ubi\u0144skiego 4\/6<br>00-928 Warszawa<br>strona internetowa: <a href=\"http:\/\/www.mi.gov.pl\"><span style=\"color:#ef7900\" class=\"has-inline-color\">mi.gov.pl<\/span><\/a><\/p>\n<\/div><\/div>\n<\/div><\/div><\/section>\n\n\n\n<section id=\"gmbee48e4\" class=\"wp-block-gutentor-m4 section-gmbee48e4 gutentor-module gutentor-advanced-columns\"><div class=\"grid-container\"><div class=\"grid-row\">\n<div id=\"col-gm328ff4\" class=\"wp-block-gutentor-m4-col col-gm328ff4 gutentor-single-column  grid-lg-3 grid-md-12 grid-12\"><div id=\"section-gm328ff4\" class=\"section-gm328ff4 gutentor-col-wrap\">\n<h2 class=\"wp-block-heading\">Wa\u017cne linki<\/h2>\n\n\n\n<p><\/p>\n<\/div><\/div>\n\n\n\n<div id=\"col-gmfc84ce\" class=\"wp-block-gutentor-m4-col col-gmfc84ce gutentor-single-column  grid-lg-9 grid-md-12 grid-12\"><div id=\"section-gmfc84ce\" class=\"section-gmfc84ce gutentor-col-wrap\">\n<p><\/p>\n<\/div><\/div>\n<\/div><\/div><\/section>\n\n\n\n<section id=\"gmb3e25c9\" class=\"wp-block-gutentor-m4 section-gmb3e25c9 gutentor-module gutentor-advanced-columns\"><div class=\"grid-container\"><div class=\"grid-row\">\n<div id=\"col-gm6f2d75\" class=\"wp-block-gutentor-m4-col col-gm6f2d75 gutentor-single-column  grid-lg-12 grid-md-12 grid-12\"><div id=\"section-gm6f2d75\" class=\"section-gm6f2d75 gutentor-col-wrap\">\n<div id=\"section-gcfd136\" class=\"wp-block-gutentor-e1 section-gcfd136 gutentor-element gutentor-element-advanced-text\"><div class=\"gutentor-text-wrap\"><p class=\"gutentor-text\"><strong>Generalna Dyrekcja Dr\u00f3g Krajowych i Autostrad<\/strong> &#8211; <a href=\"https:\/\/www.gddkia.gov.pl\/\">https:\/\/www.gddkia.gov.pl\/<\/a><br><strong>Ministerstwo Infrastruktury<\/strong> &#8211; <a href=\"https:\/\/www.gov.pl\/web\/infrastruktura\">https:\/\/www.gov.pl\/web\/infrastruktura<\/a><br><strong>Regionalna Dyrekcja Ochrony \u015arodowiska we Wroc\u0142awiu<\/strong> &#8211; <a href=\"http:\/\/wroclaw.rdos.gov.pl\/\">http:\/\/wroclaw.rdos.gov.pl\/<\/a><br><strong>Dolno\u015bl\u0105ski Urz\u0105d Wojew\u00f3dzki<\/strong> &#8211; <a href=\"https:\/\/www.duw.pl\/\">https:\/\/www.duw.pl\/<\/a><br><strong>Urz\u0105d Marsza\u0142kowski Wojew\u00f3dztwa Dolno\u015bl\u0105skiego<\/strong> &#8211; <a href=\"http:\/\/www.umwd.dolnyslask.pl\/\">http:\/\/www.umwd.dolnyslask.pl\/<\/a><br><strong>Instytut Rozwoju Terytorialnego<\/strong> &#8211; <a href=\"https:\/\/www.irt.wroc.pl\/\">https:\/\/www.irt.wroc.pl\/<\/a><br><strong>Centrum Unijnych Projekt\u00f3w Transportowych<\/strong> &#8211; <a href=\"http:\/\/www.cupt.gov.pl\/\">http:\/\/www.cupt.gov.pl\/<\/a><\/p><\/div><\/div>\n<\/div><\/div>\n<\/div><\/div><\/section>\n\n\n\n<p><\/p>\n","protected":false},"excerpt":{"rendered":"","protected":false},"author":1,"featured_media":0,"parent":0,"menu_order":0,"comment_status":"closed","ping_status":"closed","template":"","meta":{"footnotes":""},"class_list":["post-869","page","type-page","status-publish","hentry"],"yoast_head":"<!-- This site is optimized with the Yoast SEO plugin v27.4 - https:\/\/yoast.com\/product\/yoast-seo-wordpress\/ -->\n<title>Kontakt - Budowa obwodnicy Milicza DK15<\/title>\n<meta name=\"description\" content=\"Milicz, obwodnica Milicza, obwodnicamilicza, 100obwodnic, DK 15, DW 439, DW 448, spotkanie informacyjne, konsultacje spo\u0142eczne, warianty, przebieg trasy, IVIA, Dolina Baryczy, Kaszowo, Stawiec, K\u0105ty, \u015awi\u0119toszyn, Tomaszk\u00f3w, Mi\u0142ochowice, Koruszka, Wszewilki\" \/>\n<meta name=\"robots\" content=\"index, follow, max-snippet:-1, max-image-preview:large, max-video-preview:-1\" \/>\n<link rel=\"canonical\" href=\"http:\/\/obwodnicamilicza.pl\/index.php\/kontakt\/\" \/>\n<meta property=\"og:locale\" content=\"pl_PL\" \/>\n<meta property=\"og:type\" content=\"article\" \/>\n<meta property=\"og:title\" content=\"Kontakt - Budowa obwodnicy Milicza DK15\" \/>\n<meta property=\"og:description\" content=\"Milicz, obwodnica Milicza, obwodnicamilicza, 100obwodnic, DK 15, DW 439, DW 448, spotkanie informacyjne, konsultacje spo\u0142eczne, warianty, przebieg trasy, IVIA, Dolina Baryczy, Kaszowo, Stawiec, K\u0105ty, \u015awi\u0119toszyn, Tomaszk\u00f3w, Mi\u0142ochowice, Koruszka, Wszewilki\" \/>\n<meta property=\"og:url\" content=\"http:\/\/obwodnicamilicza.pl\/index.php\/kontakt\/\" \/>\n<meta property=\"og:site_name\" content=\"Budowa obwodnicy Milicza DK15\" \/>\n<meta property=\"article:modified_time\" content=\"2025-02-03T20:26:31+00:00\" \/>\n<meta property=\"og:image\" content=\"http:\/\/obwodnicamilicza.pl\/wp-content\/uploads\/2021\/06\/GDDKiA_Wroclaw.png\" \/>\n\t<meta property=\"og:image:width\" content=\"434\" \/>\n\t<meta property=\"og:image:height\" content=\"222\" \/>\n\t<meta property=\"og:image:type\" content=\"image\/png\" \/>\n<meta name=\"twitter:card\" content=\"summary_large_image\" \/>\n<meta name=\"twitter:label1\" content=\"Szacowany czas czytania\" \/>\n\t<meta name=\"twitter:data1\" content=\"2 minuty\" \/>\n<script type=\"application\/ld+json\" class=\"yoast-schema-graph\">{\"@context\":\"https:\\\/\\\/schema.org\",\"@graph\":[{\"@type\":\"WebPage\",\"@id\":\"http:\\\/\\\/obwodnicamilicza.pl\\\/index.php\\\/kontakt\\\/\",\"url\":\"http:\\\/\\\/obwodnicamilicza.pl\\\/index.php\\\/kontakt\\\/\",\"name\":\"Kontakt - Budowa obwodnicy Milicza DK15\",\"isPartOf\":{\"@id\":\"http:\\\/\\\/obwodnicamilicza.pl\\\/#website\"},\"primaryImageOfPage\":{\"@id\":\"http:\\\/\\\/obwodnicamilicza.pl\\\/index.php\\\/kontakt\\\/#primaryimage\"},\"image\":{\"@id\":\"http:\\\/\\\/obwodnicamilicza.pl\\\/index.php\\\/kontakt\\\/#primaryimage\"},\"thumbnailUrl\":\"http:\\\/\\\/obwodnicamilicza.pl\\\/wp-content\\\/uploads\\\/2021\\\/06\\\/GDDKiA_Wroclaw.png\",\"datePublished\":\"2021-06-27T08:53:07+00:00\",\"dateModified\":\"2025-02-03T20:26:31+00:00\",\"description\":\"Milicz, obwodnica Milicza, obwodnicamilicza, 100obwodnic, DK 15, DW 439, DW 448, spotkanie informacyjne, konsultacje spo\u0142eczne, warianty, przebieg trasy, IVIA, Dolina Baryczy, Kaszowo, Stawiec, K\u0105ty, \u015awi\u0119toszyn, Tomaszk\u00f3w, Mi\u0142ochowice, Koruszka, Wszewilki\",\"breadcrumb\":{\"@id\":\"http:\\\/\\\/obwodnicamilicza.pl\\\/index.php\\\/kontakt\\\/#breadcrumb\"},\"inLanguage\":\"pl-PL\",\"potentialAction\":[{\"@type\":\"ReadAction\",\"target\":[\"http:\\\/\\\/obwodnicamilicza.pl\\\/index.php\\\/kontakt\\\/\"]}]},{\"@type\":\"ImageObject\",\"inLanguage\":\"pl-PL\",\"@id\":\"http:\\\/\\\/obwodnicamilicza.pl\\\/index.php\\\/kontakt\\\/#primaryimage\",\"url\":\"http:\\\/\\\/obwodnicamilicza.pl\\\/wp-content\\\/uploads\\\/2021\\\/06\\\/GDDKiA_Wroclaw.png\",\"contentUrl\":\"http:\\\/\\\/obwodnicamilicza.pl\\\/wp-content\\\/uploads\\\/2021\\\/06\\\/GDDKiA_Wroclaw.png\",\"width\":434,\"height\":222},{\"@type\":\"BreadcrumbList\",\"@id\":\"http:\\\/\\\/obwodnicamilicza.pl\\\/index.php\\\/kontakt\\\/#breadcrumb\",\"itemListElement\":[{\"@type\":\"ListItem\",\"position\":1,\"name\":\"Strona g\u0142\u00f3wna\",\"item\":\"http:\\\/\\\/obwodnicamilicza.pl\\\/\"},{\"@type\":\"ListItem\",\"position\":2,\"name\":\"Kontakt\"}]},{\"@type\":\"WebSite\",\"@id\":\"http:\\\/\\\/obwodnicamilicza.pl\\\/#website\",\"url\":\"http:\\\/\\\/obwodnicamilicza.pl\\\/\",\"name\":\"Budowa obwodnicy Milicza DK15\",\"description\":\"Budowa obwodnicy Milicza w ci\u0105gu drogi krajowej nr 15\",\"publisher\":{\"@id\":\"http:\\\/\\\/obwodnicamilicza.pl\\\/#organization\"},\"potentialAction\":[{\"@type\":\"SearchAction\",\"target\":{\"@type\":\"EntryPoint\",\"urlTemplate\":\"http:\\\/\\\/obwodnicamilicza.pl\\\/?s={search_term_string}\"},\"query-input\":{\"@type\":\"PropertyValueSpecification\",\"valueRequired\":true,\"valueName\":\"search_term_string\"}}],\"inLanguage\":\"pl-PL\"},{\"@type\":\"Organization\",\"@id\":\"http:\\\/\\\/obwodnicamilicza.pl\\\/#organization\",\"name\":\"Budowa obwodnicy Milicza DK15\",\"url\":\"http:\\\/\\\/obwodnicamilicza.pl\\\/\",\"logo\":{\"@type\":\"ImageObject\",\"inLanguage\":\"pl-PL\",\"@id\":\"http:\\\/\\\/obwodnicamilicza.pl\\\/#\\\/schema\\\/logo\\\/image\\\/\",\"url\":\"http:\\\/\\\/obwodnicamilicza.pl\\\/wp-content\\\/uploads\\\/2021\\\/06\\\/cropped-100_obwodnic_kolor.png\",\"contentUrl\":\"http:\\\/\\\/obwodnicamilicza.pl\\\/wp-content\\\/uploads\\\/2021\\\/06\\\/cropped-100_obwodnic_kolor.png\",\"width\":290,\"height\":38,\"caption\":\"Budowa obwodnicy Milicza DK15\"},\"image\":{\"@id\":\"http:\\\/\\\/obwodnicamilicza.pl\\\/#\\\/schema\\\/logo\\\/image\\\/\"}}]}<\/script>\n<!-- \/ Yoast SEO plugin. -->","yoast_head_json":{"title":"Kontakt - Budowa obwodnicy Milicza DK15","description":"Milicz, obwodnica Milicza, obwodnicamilicza, 100obwodnic, DK 15, DW 439, DW 448, spotkanie informacyjne, konsultacje spo\u0142eczne, warianty, przebieg trasy, IVIA, Dolina Baryczy, Kaszowo, Stawiec, K\u0105ty, \u015awi\u0119toszyn, Tomaszk\u00f3w, Mi\u0142ochowice, Koruszka, Wszewilki","robots":{"index":"index","follow":"follow","max-snippet":"max-snippet:-1","max-image-preview":"max-image-preview:large","max-video-preview":"max-video-preview:-1"},"canonical":"http:\/\/obwodnicamilicza.pl\/index.php\/kontakt\/","og_locale":"pl_PL","og_type":"article","og_title":"Kontakt - Budowa obwodnicy Milicza DK15","og_description":"Milicz, obwodnica Milicza, obwodnicamilicza, 100obwodnic, DK 15, DW 439, DW 448, spotkanie informacyjne, konsultacje spo\u0142eczne, warianty, przebieg trasy, IVIA, Dolina Baryczy, Kaszowo, Stawiec, K\u0105ty, \u015awi\u0119toszyn, Tomaszk\u00f3w, Mi\u0142ochowice, Koruszka, Wszewilki","og_url":"http:\/\/obwodnicamilicza.pl\/index.php\/kontakt\/","og_site_name":"Budowa obwodnicy Milicza DK15","article_modified_time":"2025-02-03T20:26:31+00:00","og_image":[{"width":434,"height":222,"url":"http:\/\/obwodnicamilicza.pl\/wp-content\/uploads\/2021\/06\/GDDKiA_Wroclaw.png","type":"image\/png"}],"twitter_card":"summary_large_image","twitter_misc":{"Szacowany czas czytania":"2 minuty"},"schema":{"@context":"https:\/\/schema.org","@graph":[{"@type":"WebPage","@id":"http:\/\/obwodnicamilicza.pl\/index.php\/kontakt\/","url":"http:\/\/obwodnicamilicza.pl\/index.php\/kontakt\/","name":"Kontakt - Budowa obwodnicy Milicza DK15","isPartOf":{"@id":"http:\/\/obwodnicamilicza.pl\/#website"},"primaryImageOfPage":{"@id":"http:\/\/obwodnicamilicza.pl\/index.php\/kontakt\/#primaryimage"},"image":{"@id":"http:\/\/obwodnicamilicza.pl\/index.php\/kontakt\/#primaryimage"},"thumbnailUrl":"http:\/\/obwodnicamilicza.pl\/wp-content\/uploads\/2021\/06\/GDDKiA_Wroclaw.png","datePublished":"2021-06-27T08:53:07+00:00","dateModified":"2025-02-03T20:26:31+00:00","description":"Milicz, obwodnica Milicza, obwodnicamilicza, 100obwodnic, DK 15, DW 439, DW 448, spotkanie informacyjne, konsultacje spo\u0142eczne, warianty, przebieg trasy, IVIA, Dolina Baryczy, Kaszowo, Stawiec, K\u0105ty, \u015awi\u0119toszyn, Tomaszk\u00f3w, Mi\u0142ochowice, Koruszka, Wszewilki","breadcrumb":{"@id":"http:\/\/obwodnicamilicza.pl\/index.php\/kontakt\/#breadcrumb"},"inLanguage":"pl-PL","potentialAction":[{"@type":"ReadAction","target":["http:\/\/obwodnicamilicza.pl\/index.php\/kontakt\/"]}]},{"@type":"ImageObject","inLanguage":"pl-PL","@id":"http:\/\/obwodnicamilicza.pl\/index.php\/kontakt\/#primaryimage","url":"http:\/\/obwodnicamilicza.pl\/wp-content\/uploads\/2021\/06\/GDDKiA_Wroclaw.png","contentUrl":"http:\/\/obwodnicamilicza.pl\/wp-content\/uploads\/2021\/06\/GDDKiA_Wroclaw.png","width":434,"height":222},{"@type":"BreadcrumbList","@id":"http:\/\/obwodnicamilicza.pl\/index.php\/kontakt\/#breadcrumb","itemListElement":[{"@type":"ListItem","position":1,"name":"Strona g\u0142\u00f3wna","item":"http:\/\/obwodnicamilicza.pl\/"},{"@type":"ListItem","position":2,"name":"Kontakt"}]},{"@type":"WebSite","@id":"http:\/\/obwodnicamilicza.pl\/#website","url":"http:\/\/obwodnicamilicza.pl\/","name":"Budowa obwodnicy Milicza DK15","description":"Budowa obwodnicy Milicza w ci\u0105gu drogi krajowej nr 15","publisher":{"@id":"http:\/\/obwodnicamilicza.pl\/#organization"},"potentialAction":[{"@type":"SearchAction","target":{"@type":"EntryPoint","urlTemplate":"http:\/\/obwodnicamilicza.pl\/?s={search_term_string}"},"query-input":{"@type":"PropertyValueSpecification","valueRequired":true,"valueName":"search_term_string"}}],"inLanguage":"pl-PL"},{"@type":"Organization","@id":"http:\/\/obwodnicamilicza.pl\/#organization","name":"Budowa obwodnicy Milicza DK15","url":"http:\/\/obwodnicamilicza.pl\/","logo":{"@type":"ImageObject","inLanguage":"pl-PL","@id":"http:\/\/obwodnicamilicza.pl\/#\/schema\/logo\/image\/","url":"http:\/\/obwodnicamilicza.pl\/wp-content\/uploads\/2021\/06\/cropped-100_obwodnic_kolor.png","contentUrl":"http:\/\/obwodnicamilicza.pl\/wp-content\/uploads\/2021\/06\/cropped-100_obwodnic_kolor.png","width":290,"height":38,"caption":"Budowa obwodnicy Milicza DK15"},"image":{"@id":"http:\/\/obwodnicamilicza.pl\/#\/schema\/logo\/image\/"}}]}},"_links":{"self":[{"href":"http:\/\/obwodnicamilicza.pl\/index.php\/wp-json\/wp\/v2\/pages\/869","targetHints":{"allow":["GET"]}}],"collection":[{"href":"http:\/\/obwodnicamilicza.pl\/index.php\/wp-json\/wp\/v2\/pages"}],"about":[{"href":"http:\/\/obwodnicamilicza.pl\/index.php\/wp-json\/wp\/v2\/types\/page"}],"author":[{"embeddable":true,"href":"http:\/\/obwodnicamilicza.pl\/index.php\/wp-json\/wp\/v2\/users\/1"}],"replies":[{"embeddable":true,"href":"http:\/\/obwodnicamilicza.pl\/index.php\/wp-json\/wp\/v2\/comments?post=869"}],"version-history":[{"count":19,"href":"http:\/\/obwodnicamilicza.pl\/index.php\/wp-json\/wp\/v2\/pages\/869\/revisions"}],"predecessor-version":[{"id":1312,"href":"http:\/\/obwodnicamilicza.pl\/index.php\/wp-json\/wp\/v2\/pages\/869\/revisions\/1312"}],"wp:attachment":[{"href":"http:\/\/obwodnicamilicza.pl\/index.php\/wp-json\/wp\/v2\/media?parent=869"}],"curies":[{"name":"wp","href":"https:\/\/api.w.org\/{rel}","templated":true}]}}